{"id":3,"date":"2024-11-28T15:46:00","date_gmt":"2024-11-28T15:46:00","guid":{"rendered":"https:\/\/www.allium-distribution.com\/?page_id=3"},"modified":"2024-12-19T13:06:53","modified_gmt":"2024-12-19T13:06:53","slug":"mentions-legales","status":"publish","type":"page","link":"https:\/\/www.allium-distribution.com\/fr\/mentions-legales\/","title":{"rendered":"Mentions L\u00e9gales"},"content":{"rendered":"\n<h2 class=\"wp-block-heading\">1 \u2013 \u00c9dition du site<\/h2>\n\n\n\n<p>En vertu de l\u2019article 6 de la loi n\u00b0 2004-575 du 21 juin 2004 pour la confiance dans l\u2019\u00e9conomie num\u00e9rique, il est pr\u00e9cis\u00e9 aux utilisateurs du site internet<strong>\u00a0ALLIUM DISTRIBUTION<\/strong>\u00a0l\u2019identit\u00e9 des diff\u00e9rents intervenants dans le cadre de sa r\u00e9alisation et de son suivi: Propri\u00e9taire du site : <strong><strong>ALLIUM DISTRIBUTION<\/strong><\/strong> \u2013 Contact :\u00a0<strong><strong>ALLIUM DISTRIBUTION<\/strong><\/strong>\u00a0Identification de l\u2019entreprise :\u00a0<strong><strong>ALLIUM DISTRIBUTION<\/strong><\/strong>\u00a0\u2013 SIREN : 495073645 \u2013 RCS : 495 073 645 R.C.S. Macon \u2013 Adresse postale : Cit\u00e9 de l&rsquo;Entreprise 200 Boulevard De la R\u00e9sistance 71000 M\u00e2con. Directeur de la publication : <strong><strong>ALLIUM DISTRIBUTION<\/strong><\/strong> H\u00e9bergeur : IONOS \u2013\u00a07 Pl. de la Gare, 57200 Sarreguemines\u00a0\u2013 T\u00e9l\u00e9phone :\u00a0+33970808911\u00a0D\u00e9l\u00e9gu\u00e9 \u00e0 la protection des donn\u00e9es : \u2013 <strong><strong>ALLIUM DISTRIBUTION<\/strong><\/strong><\/p>\n\n\n\n<h2 class=\"wp-block-heading\">2 \u2013 Propri\u00e9t\u00e9 intellectuelle et contrefa\u00e7ons.<\/h2>\n\n\n\n<p><strong><strong>ALLIUM DISTRIBUTION<\/strong><\/strong>\u00a0est propri\u00e9taire des droits de propri\u00e9t\u00e9 intellectuelle et d\u00e9tient les droits d\u2019usage sur tous les \u00e9l\u00e9ments accessibles sur le site internet, notamment les textes, images, graphismes, logos, vid\u00e9os, architecture, ic\u00f4nes et sons. Toute reproduction, repr\u00e9sentation, modification, publication, adaptation de tout ou partie des \u00e9l\u00e9ments du site, quel que soit le moyen ou le proc\u00e9d\u00e9 utilis\u00e9, est interdite, sauf autorisation \u00e9crite pr\u00e9alable de\u00a0<strong><strong>ALLIUM DISTRIBUTION<\/strong><\/strong>\u00a0Toute exploitation non autoris\u00e9e du site ou de l\u2019un quelconque des \u00e9l\u00e9ments qu\u2019il contient sera consid\u00e9r\u00e9e comme constitutive d\u2019une contrefa\u00e7on et poursuivie conform\u00e9ment aux dispositions des articles L.335-2 et suivants du Code de Propri\u00e9t\u00e9 Intellectuelle.<\/p>\n\n\n\n<h2 class=\"wp-block-heading\">3 \u2013 Limitations de responsabilit\u00e9.<\/h2>\n\n\n\n<p><strong><strong>ALLIUM DISTRIBUTION<\/strong><\/strong>\u00a0d\u00e9cline toute responsabilit\u00e9 quant \u00e0 l\u2019utilisation qui pourrait \u00eatre faite des informations et contenus pr\u00e9sents sur\u00a0<a href=\"http:\/\/selliers-garnisseurs.fr\/\"><strong><strong>ALLIUM DISTRIBUTION<\/strong><\/strong><\/a>\u00a0Focus web s\u2019engage \u00e0 s\u00e9curiser au mieux le site\u00a0<a href=\"http:\/\/selliers-garnisseurs.fr\/\"><strong><strong>ALLIUM DISTRIBUTION<\/strong><\/strong><\/a>, cependant sa responsabilit\u00e9 ne pourra \u00eatre mise en cause si des donn\u00e9es ind\u00e9sirables sont import\u00e9es et install\u00e9es sur son site \u00e0 son insu. Des espaces interactifs (espace contact ou commentaires) sont \u00e0 la disposition des utilisateurs.\u00a0<strong><strong>ALLIUM DISTRIBUTION<\/strong><\/strong>\u00a0se r\u00e9serve le droit de supprimer, sans mise en demeure pr\u00e9alable, tout contenu d\u00e9pos\u00e9 dans cet espace qui contreviendrait \u00e0 la l\u00e9gislation applicable en France, en particulier aux dispositions relatives \u00e0 la protection des donn\u00e9es. Le cas \u00e9ch\u00e9ant,\u00a0<strong><strong>ALLIUM DISTRIBUTION<\/strong><\/strong>\u00a0se r\u00e9serve \u00e9galement la possibilit\u00e9 de mettre en cause la responsabilit\u00e9 civile et\/ou p\u00e9nale de l\u2019utilisateur, notamment en cas de message \u00e0 caract\u00e8re raciste, injurieux, diffamant ou pornographique, quel que soit le support utilis\u00e9 (texte, photographie \u2026).<\/p>\n\n\n\n<h2 class=\"wp-block-heading\">4 \u2013 CNIL et gestion des donn\u00e9es personnelles.<\/h2>\n\n\n\n<p>Conform\u00e9ment aux dispositions de la loi 78-17 du 6 janvier 1978 modifi\u00e9e, l\u2019utilisateur du site\u00a0<a href=\"http:\/\/selliers-garnisseurs.fr\/\"><strong><strong>ALLIUM DISTRIBUTION<\/strong><\/strong><\/a>\u00a0dispose d\u2019un droit d\u2019acc\u00e8s, de modification et de suppression des informations collect\u00e9es. Pour exercer ce droit, envoyez un message \u00e0 notre D\u00e9l\u00e9gu\u00e9 \u00e0 la Protection des Donn\u00e9es : \u2013 .<\/p>\n\n\n\n<h2 class=\"wp-block-heading\">5 \u2013 Liens hypertextes et cookies<\/h2>\n\n\n\n<p>Le site\u00a0<a href=\"http:\/\/selliers-garnisseurs.fr\/\"><strong><strong>ALLIUM DISTRIBUTION<\/strong><\/strong><\/a>\u00a0contient des liens hypertextes vers d\u2019autres sites et d\u00e9gage toute responsabilit\u00e9 \u00e0 propos de ces liens externes ou des liens cr\u00e9\u00e9s par d\u2019autres sites vers\u00a0<a href=\"http:\/\/selliers-garnisseurs.fr\/\"><strong><strong>ALLIUM DISTRIBUTION<\/strong><\/strong><\/a>\u00a0La navigation sur le site\u00a0<a href=\"http:\/\/selliers-garnisseurs.fr\/\"><strong><strong>ALLIUM DISTRIBUTION<\/strong><\/strong><\/a>\u00a0est susceptible de provoquer l\u2019installation de cookie(s) sur l\u2019ordinateur de l\u2019utilisateur. Un \u00ab cookie \u00bb est un fichier de petite taille qui enregistre des informations relatives \u00e0 la navigation d\u2019un utilisateur sur un site. Les donn\u00e9es ainsi obtenues permettent d\u2019obtenir des mesures de fr\u00e9quentation, par exemple. Vous avez la possibilit\u00e9 d\u2019accepter ou de refuser les cookies en modifiant les param\u00e8tres de votre navigateur. Aucun cookie ne sera d\u00e9pos\u00e9 sans votre consentement. 6 \u2013 Droit applicable et attribution de juridiction. Tout litige en relation avec l\u2019utilisation du site\u00a0<a href=\"http:\/\/selliers-garnisseurs.fr\/\"><strong><strong>ALLIUM DISTRIBUTION<\/strong><\/strong><\/a>\u00a0est soumis au droit fran\u00e7ais. En dehors des cas o\u00f9 la loi ne le permet pas, il est fait attribution exclusive de juridiction aux tribunaux comp\u00e9tents de Villefranche-sur-Sa\u00f4ne.<\/p>\n","protected":false},"excerpt":{"rendered":"<p>1 \u2013 \u00c9dition du site En vertu de l\u2019article 6 de la loi n\u00b0 2004-575 du 21 juin 2004 pour la confiance dans l\u2019\u00e9conomie num\u00e9rique, il est pr\u00e9cis\u00e9 aux utilisateurs du site internet\u00a0ALLIUM DISTRIBUTION\u00a0l\u2019identit\u00e9 des diff\u00e9rents intervenants dans le cadre de sa r\u00e9alisation et de son suivi: Propri\u00e9taire du site : ALLIUM DISTRIBUTION \u2013 Contact [&hellip;]<\/p>\n","protected":false},"author":1,"featured_media":0,"parent":0,"menu_order":0,"comment_status":"closed","ping_status":"open","template":"","meta":{"_acf_changed":false,"_seopress_robots_primary_cat":"","_seopress_titles_title":"","_seopress_titles_desc":"","_seopress_robots_index":"","inline_featured_image":false,"footnotes":""},"class_list":["post-3","page","type-page","status-publish","hentry"],"acf":[],"_links":{"self":[{"href":"https:\/\/www.allium-distribution.com\/fr\/wp-json\/wp\/v2\/pages\/3","targetHints":{"allow":["GET"]}}],"collection":[{"href":"https:\/\/www.allium-distribution.com\/fr\/wp-json\/wp\/v2\/pages"}],"about":[{"href":"https:\/\/www.allium-distribution.com\/fr\/wp-json\/wp\/v2\/types\/page"}],"author":[{"embeddable":true,"href":"https:\/\/www.allium-distribution.com\/fr\/wp-json\/wp\/v2\/users\/1"}],"replies":[{"embeddable":true,"href":"https:\/\/www.allium-distribution.com\/fr\/wp-json\/wp\/v2\/comments?post=3"}],"version-history":[{"count":2,"href":"https:\/\/www.allium-distribution.com\/fr\/wp-json\/wp\/v2\/pages\/3\/revisions"}],"predecessor-version":[{"id":398,"href":"https:\/\/www.allium-distribution.com\/fr\/wp-json\/wp\/v2\/pages\/3\/revisions\/398"}],"wp:attachment":[{"href":"https:\/\/www.allium-distribution.com\/fr\/wp-json\/wp\/v2\/media?parent=3"}],"curies":[{"name":"wp","href":"https:\/\/api.w.org\/{rel}","templated":true}]}}