{"id":89,"date":"2024-04-01T06:40:11","date_gmt":"2024-04-01T06:40:11","guid":{"rendered":"http:\/\/agrimo-demo.pbminfotech.com\/demo1\/?page_id=3308"},"modified":"2024-12-19T13:28:21","modified_gmt":"2024-12-19T13:28:21","slug":"a-propos","status":"publish","type":"page","link":"https:\/\/www.allium-distribution.com\/es\/a-propos\/","title":{"rendered":"Qui\u00e9nes somos"},"content":{"rendered":"<div data-elementor-type=\"wp-page\" data-elementor-id=\"89\" class=\"elementor elementor-89\" data-elementor-post-type=\"page\">\n\t\t\t\t\t\t<section class=\"elementor-section elementor-top-section elementor-element elementor-element-477e50e pbmit-col-stretched-none pbmit-bg-color-over-image elementor-section-boxed elementor-section-height-default elementor-section-height-default\" data-id=\"477e50e\" data-element_type=\"section\" data-e-type=\"section\">\n\t\t\t\t\t\t<div class=\"elementor-container elementor-column-gap-no\">\n\t\t\t\t\t<div class=\"elementor-column elementor-col-50 elementor-top-column elementor-element elementor-element-803edba pbmit-bg-color-over-image\" data-id=\"803edba\" data-element_type=\"column\" data-e-type=\"column\">\n\t\t\t<div class=\"elementor-widget-wrap elementor-element-populated\">\n\t\t\t\t\t\t<div class=\"elementor-element elementor-element-b3b6f7d pbmit-animation-none elementor-widget elementor-widget-image\" data-id=\"b3b6f7d\" data-element_type=\"widget\" data-e-type=\"widget\" data-widget_type=\"image.default\">\n\t\t\t\t<div class=\"elementor-widget-container\">\n\t\t\t\t\t\t\t\t\t\t\t\t\t\t\t<img alt=\"\" fetchpriority=\"high\" decoding=\"async\" width=\"847\" height=\"728\" src=\"https:\/\/www.allium-distribution.com\/wp-content\/uploads\/2024\/11\/logo_Allium.jpg\" class=\"attachment-large size-large wp-image-217\" srcset=\"https:\/\/www.allium-distribution.com\/wp-content\/uploads\/2024\/11\/logo_Allium.jpg 943w, https:\/\/www.allium-distribution.com\/wp-content\/uploads\/2024\/11\/logo_Allium-300x258.jpg 300w, https:\/\/www.allium-distribution.com\/wp-content\/uploads\/2024\/11\/logo_Allium-768x660.jpg 768w\" sizes=\"(max-width: 847px) 100vw, 847px\" \/>\t\t\t\t\t\t\t\t\t\t\t\t\t\t\t<\/div>\n\t\t\t\t<\/div>\n\t\t\t\t\t<\/div>\n\t\t<\/div>\n\t\t\t\t<div class=\"elementor-column elementor-col-50 elementor-top-column elementor-element elementor-element-132b927 pbmit-bg-color-over-image\" data-id=\"132b927\" data-element_type=\"column\" data-e-type=\"column\">\n\t\t\t<div class=\"elementor-widget-wrap elementor-element-populated\">\n\t\t\t\t\t\t<div class=\"elementor-element elementor-element-c0298be elementor-widget__width-initial elementor-widget elementor-widget-pbmit_heading\" data-id=\"c0298be\" data-element_type=\"widget\" data-e-type=\"widget\" data-widget_type=\"pbmit_heading.default\">\n\t\t\t\t<div class=\"elementor-widget-container\">\n\t\t\t\t\t <div class=\"pbmit-heading-subheading pbmit-heading-subheading-style-1 pbmit-reverse-heading-yes animation-style4\"><h4 class=\"pbmit-element-subtitle\"><span>\r\n\t\t\t\t<\/span>\r\n\t\t\t\t\r\n\t\t\t\t\tALLIUM DISTRIBUTION SAS\r\n\t\t\t\t\r\n\t\t\t\t<\/h4>\r\n\t\t\t<h2 class=\"pbmit-element-title\">\r\n\t\t\t\t\r\n\t\t\t\t\tNuestra historia\r\n\t\t\t\t\r\n\t\t\t\t<\/h2>\r\n\t\t\t<div class=\"pbmit-heading-desc\">Nuestra empresa est\u00e1 especializada en la producci\u00f3n y distribuci\u00f3n de ajos, cebollas y chalotas. Ha establecido estrechas colaboraciones con productores de varios pa\u00edses, como Francia, Espa\u00f1a, Argentina, Nueva Zelanda y China, lo que garantiza la diversidad y la calidad \u00f3ptima de sus productos.<\/div><\/div>\t\t\t\t<\/div>\n\t\t\t\t<\/div>\n\t\t\t\t\t<\/div>\n\t\t<\/div>\n\t\t\t\t\t<\/div>\n\t\t<\/section>\n\t\t\t\t<section class=\"elementor-section elementor-top-section elementor-element elementor-element-fbe97ff pbmit-col-stretched-none pbmit-bg-color-over-image elementor-section-boxed elementor-section-height-default elementor-section-height-default\" data-id=\"fbe97ff\" data-element_type=\"section\" data-e-type=\"section\">\n\t\t\t\t\t\t<div class=\"elementor-container elementor-column-gap-default\">\n\t\t\t\t\t<div class=\"elementor-column elementor-col-100 elementor-top-column elementor-element elementor-element-63c0b2d pbmit-bg-color-over-image\" data-id=\"63c0b2d\" data-element_type=\"column\" data-e-type=\"column\">\n\t\t\t<div class=\"elementor-widget-wrap elementor-element-populated\">\n\t\t\t\t\t\t<div class=\"elementor-element elementor-element-c39b797 elementor-widget elementor-widget-spacer\" data-id=\"c39b797\" data-element_type=\"widget\" data-e-type=\"widget\" data-widget_type=\"spacer.default\">\n\t\t\t\t<div class=\"elementor-widget-container\">\n\t\t\t\t\t\t\t<div class=\"elementor-spacer\">\n\t\t\t<div class=\"elementor-spacer-inner\"><\/div>\n\t\t<\/div>\n\t\t\t\t\t\t<\/div>\n\t\t\t\t<\/div>\n\t\t\t\t\t<\/div>\n\t\t<\/div>\n\t\t\t\t\t<\/div>\n\t\t<\/section>\n\t\t\t\t<section class=\"elementor-section elementor-top-section elementor-element elementor-element-b6710c5 pbmit-col-stretched-none pbmit-bg-color-over-image elementor-section-boxed elementor-section-height-default elementor-section-height-default\" data-id=\"b6710c5\" data-element_type=\"section\" data-e-type=\"section\">\n\t\t\t\t\t\t<div class=\"elementor-container elementor-column-gap-default\">\n\t\t\t\t\t<div class=\"elementor-column elementor-col-100 elementor-top-column elementor-element elementor-element-0f17e02 pbmit-bg-color-over-image\" data-id=\"0f17e02\" data-element_type=\"column\" data-e-type=\"column\">\n\t\t\t<div class=\"elementor-widget-wrap elementor-element-populated\">\n\t\t\t\t\t\t<div class=\"elementor-element elementor-element-8393342 elementor-widget elementor-widget-text-editor\" data-id=\"8393342\" data-element_type=\"widget\" data-e-type=\"widget\" data-widget_type=\"text-editor.default\">\n\t\t\t\t<div class=\"elementor-widget-container\">\n\t\t\t\t\t\t\t\t\t<h3><strong>Una empresa basada en la experiencia<\/strong><\/h3><p>Creado en <strong>2007<\/strong>nuestra empresa tiene su sede en <strong>M\u00e2con<\/strong>en <strong>Saona y Loira (71)<\/strong>s\u00f3lo en <strong>80 km al noreste de Lyon<\/strong>. Gerente, <strong>Bertrand MENUT<\/strong>tiene una gran experiencia, ya que ha trabajado en el <strong>el sector de los condimentos desde 1990<\/strong>que garantiza una experiencia reconocida.<\/p><h3><strong><br \/>Diversificaci\u00f3n y participaci\u00f3n en la importaci\u00f3n y exportaci\u00f3n<\/strong><\/h3><p>Siempre escuchamos las necesidades de nuestros clientes y buscamos formas de <strong>nuevos mercados<\/strong>hemos ampliado nuestro negocio para incluir la<strong>importaci\u00f3n y comercializaci\u00f3n de frutos secos<\/strong> as\u00ed como <strong>frutas y hortalizas ecol\u00f3gicas<\/strong>certificado por el <strong>ECOCERT FR-BIO-01<\/strong>. Esto refleja nuestro compromiso con las pr\u00e1cticas sostenibles y responsables.<\/p><h3><strong>Apoyo a la comercializaci\u00f3n<\/strong><\/h3><p>Apoyar a nuestros clientes en su <strong>merchandising<\/strong>Con su colaboraci\u00f3n, hemos dise\u00f1ado un <strong>gama de cestas de mimbre<\/strong>. Estas cestas est\u00e1n dise\u00f1adas para presentar los productos de forma atractiva, haci\u00e9ndolos destacar en el punto de venta.<\/p>\t\t\t\t\t\t\t\t<\/div>\n\t\t\t\t<\/div>\n\t\t\t\t\t<\/div>\n\t\t<\/div>\n\t\t\t\t\t<\/div>\n\t\t<\/section>\n\t\t\t\t<section class=\"elementor-section elementor-top-section elementor-element elementor-element-7ebb7fa pbmit-col-stretched-none pbmit-bg-color-over-image elementor-section-boxed elementor-section-height-default elementor-section-height-default\" data-id=\"7ebb7fa\" data-element_type=\"section\" data-e-type=\"section\">\n\t\t\t\t\t\t<div class=\"elementor-container elementor-column-gap-default\">\n\t\t\t\t\t<div class=\"elementor-column elementor-col-100 elementor-top-column elementor-element elementor-element-2e1efbc pbmit-bg-color-over-image\" data-id=\"2e1efbc\" data-element_type=\"column\" data-e-type=\"column\">\n\t\t\t<div class=\"elementor-widget-wrap elementor-element-populated\">\n\t\t\t\t\t\t<div class=\"elementor-element elementor-element-67fc2a7 elementor-widget elementor-widget-spacer\" data-id=\"67fc2a7\" data-element_type=\"widget\" data-e-type=\"widget\" data-widget_type=\"spacer.default\">\n\t\t\t\t<div class=\"elementor-widget-container\">\n\t\t\t\t\t\t\t<div class=\"elementor-spacer\">\n\t\t\t<div class=\"elementor-spacer-inner\"><\/div>\n\t\t<\/div>\n\t\t\t\t\t\t<\/div>\n\t\t\t\t<\/div>\n\t\t\t\t\t<\/div>\n\t\t<\/div>\n\t\t\t\t\t<\/div>\n\t\t<\/section>\n\t\t\t\t<\/div>","protected":false},"excerpt":{"rendered":"<p>ALLIUM DISTRIBUTION SAS Notre Histoire Notre soci\u00e9t\u00e9 est sp\u00e9cialis\u00e9e dans la production et la distribution d\u2019ail, d\u2019oignon et d\u2019\u00e9chalote. Elle a \u00e9tabli un partenariat \u00e9troit avec des producteurs situ\u00e9s dans plusieurs pays, notamment en France, Espagne, Argentine, Nouvelle-Z\u00e9lande et Chine, assurant une diversit\u00e9 et une qualit\u00e9 optimale des produits. Une entreprise ancr\u00e9e dans l\u2019exp\u00e9rience Cr\u00e9\u00e9e [&hellip;]<\/p>\n","protected":false},"author":1,"featured_media":0,"parent":0,"menu_order":3,"comment_status":"closed","ping_status":"closed","template":"","meta":{"_acf_changed":false,"_seopress_robots_primary_cat":"","_seopress_titles_title":"","_seopress_titles_desc":"","_seopress_robots_index":"","inline_featured_image":false,"footnotes":""},"class_list":["post-89","page","type-page","status-publish","hentry"],"acf":[],"_links":{"self":[{"href":"https:\/\/www.allium-distribution.com\/es\/wp-json\/wp\/v2\/pages\/89","targetHints":{"allow":["GET"]}}],"collection":[{"href":"https:\/\/www.allium-distribution.com\/es\/wp-json\/wp\/v2\/pages"}],"about":[{"href":"https:\/\/www.allium-distribution.com\/es\/wp-json\/wp\/v2\/types\/page"}],"author":[{"embeddable":true,"href":"https:\/\/www.allium-distribution.com\/es\/wp-json\/wp\/v2\/users\/1"}],"replies":[{"embeddable":true,"href":"https:\/\/www.allium-distribution.com\/es\/wp-json\/wp\/v2\/comments?post=89"}],"version-history":[{"count":5,"href":"https:\/\/www.allium-distribution.com\/es\/wp-json\/wp\/v2\/pages\/89\/revisions"}],"predecessor-version":[{"id":418,"href":"https:\/\/www.allium-distribution.com\/es\/wp-json\/wp\/v2\/pages\/89\/revisions\/418"}],"wp:attachment":[{"href":"https:\/\/www.allium-distribution.com\/es\/wp-json\/wp\/v2\/media?parent=89"}],"curies":[{"name":"wp","href":"https:\/\/api.w.org\/{rel}","templated":true}]}}