{"id":441,"date":"2024-12-19T13:46:46","date_gmt":"2024-12-19T13:46:46","guid":{"rendered":"https:\/\/www.allium-distribution.com\/?page_id=441"},"modified":"2025-12-17T12:16:18","modified_gmt":"2025-12-17T11:16:18","slug":"suministros-fiables-al-por-mayor-adaptados-a-sus-necesidades","status":"publish","type":"page","link":"https:\/\/www.allium-distribution.com\/es\/commerce-de-gros-un-approvisionnement-fiable-et-adapte-a-vos-besoins\/","title":{"rendered":"Venta al por mayor: suministros fiables adaptados a sus necesidades"},"content":{"rendered":"<div data-elementor-type=\"wp-page\" data-elementor-id=\"441\" class=\"elementor elementor-441\" data-elementor-post-type=\"page\">\n\t\t\t\t\t\t<section class=\"elementor-section elementor-top-section elementor-element elementor-element-b0dfb23 pbmit-col-stretched-none pbmit-bg-color-over-image elementor-section-boxed elementor-section-height-default elementor-section-height-default\" data-id=\"b0dfb23\" data-element_type=\"section\" data-e-type=\"section\">\n\t\t\t\t\t\t<div class=\"elementor-container elementor-column-gap-default\">\n\t\t\t\t\t<div class=\"elementor-column elementor-col-100 elementor-top-column elementor-element elementor-element-d89fba0 pbmit-bg-color-over-image\" data-id=\"d89fba0\" data-element_type=\"column\" data-e-type=\"column\">\n\t\t\t<div class=\"elementor-widget-wrap elementor-element-populated\">\n\t\t\t\t\t\t<div class=\"elementor-element elementor-element-7f7ffe7 elementor-widget elementor-widget-text-editor\" data-id=\"7f7ffe7\" data-element_type=\"widget\" data-e-type=\"widget\" data-widget_type=\"text-editor.default\">\n\t\t\t\t<div class=\"elementor-widget-container\">\n\t\t\t\t\t\t\t\t\t<p>\u00a0<\/p><p>Allium Distribution propose des solutions d\u2019approvisionnement en gros pour les professionnels du secteur alimentaire, avec des engagements en mati\u00e8re de qualit\u00e9 et de livraison.<\/p><p><!-- Introduction --><\/p><section><h2>Su socio para la venta al por mayor<\/h2><p>Desde 2007, Allium Distribution presta servicios mayoristas especializados a <strong>distribuidores<\/strong>, <strong>fabricantes<\/strong>, <strong>acondicionadores<\/strong>, <strong>comerciantes de frutas y hortalizas<\/strong>y <strong>medio mayorista<\/strong>. Nuestra experiencia y nuestra red internacional garantizan la disponibilidad continua de productos de calidad, incluso fuera de temporada.<\/p><\/section><p><!-- Approvisionnement Professionnel --><\/p><section><h2>Suministros para profesionales<\/h2><p>Trabajamos con los principales actores para satisfacer sus necesidades espec\u00edficas:<\/p><ul><li><strong>Distribuidores :<\/strong> Una gama de productos adaptada a las necesidades de los mercados locales e internacionales.<\/li><li><strong>Fabricantes :<\/strong> Abastecimiento riguroso para garantizar materias primas fiables y trazables.<\/li><li><strong>Acondicionadores :<\/strong> Soluciones de envasado a medida para cumplir sus especificaciones.<\/li><li><strong>Comerciantes de frutas y hortalizas :<\/strong> Acceso a productos certificados y competitivos.<\/li><li><strong>Medio mayorista :<\/strong> Flexibilidad en vol\u00famenes y acuerdos de suministro.<\/li><\/ul><p>Nuestro objetivo es ofrecerle productos que respondan perfectamente a sus necesidades, garantiz\u00e1ndole al mismo tiempo un servicio impecable.<\/p><\/section><p><!-- Quantit\u00e9s et Modalit\u00e9s --><\/p><section><h2>Cantidades m\u00ednimas y condiciones de venta<\/h2><p>Adaptamos nuestros m\u00e9todos de venta para garantizar la m\u00e1xima flexibilidad:<\/p><ul><li><strong>Cantidades :<\/strong> Suministro a granel para vol\u00famenes adaptados a sus necesidades espec\u00edficas.<\/li><li><strong>Embalaje:<\/strong> Disponible en bolsas, redes, cartones o pal\u00e9s.<\/li><li><strong>Entrega :<\/strong> Soluciones log\u00edsticas optimizadas para env\u00edos r\u00e1pidos y fiables.<\/li><\/ul><p>Tanto si necesita peque\u00f1as tiradas como grandes vol\u00famenes, podemos adaptar nuestra oferta a sus necesidades.<\/p><\/section><p><!-- Engagements en Qualit\u00e9 et Livraison --><\/p><section><h2>Nuestros compromisos de calidad y entrega<\/h2><p>Allium Distribution sit\u00faa la calidad y la puntualidad en el centro de sus prioridades:<\/p><ul><li><strong>Calidad :<\/strong> Productos certificados seg\u00fan las normas ISO, APPCC y GlobalG.A.P. (seg\u00fan el proveedor).<\/li><li><strong>Trazabilidad :<\/strong> Control riguroso de los productos a lo largo de toda la cadena de suministro.<\/li><li><strong>Entrega fiable:<\/strong> Cumplimiento estricto de los plazos gracias a nuestra experiencia log\u00edstica.<\/li><\/ul><p>Con Allium Distribution, se beneficiar\u00e1 de un socio comprometido con productos impecables y una log\u00edstica sin fallos.<\/p><\/section><p><!-- Appel \u00e0 l'Action --><\/p><section><h2>Contacte con nosotros para sus necesidades mayoristas<\/h2><p>\u00bfNecesita un socio de confianza para sus suministros al por mayor? Allium Distribution est\u00e1 a su servicio para responder a sus expectativas.<\/p><\/section>\t\t\t\t\t\t\t\t<\/div>\n\t\t\t\t<\/div>\n\t\t\t\t\t<\/div>\n\t\t<\/div>\n\t\t\t\t\t<\/div>\n\t\t<\/section>\n\t\t\t\t<section class=\"elementor-section elementor-top-section elementor-element elementor-element-29a649b pbmit-col-stretched-none pbmit-bg-color-over-image elementor-section-boxed elementor-section-height-default elementor-section-height-default\" data-id=\"29a649b\" data-element_type=\"section\" data-e-type=\"section\">\n\t\t\t\t\t\t<div class=\"elementor-container elementor-column-gap-default\">\n\t\t\t\t\t<div class=\"elementor-column elementor-col-100 elementor-top-column elementor-element elementor-element-ec96f69 pbmit-bg-color-over-image\" data-id=\"ec96f69\" data-element_type=\"column\" data-e-type=\"column\">\n\t\t\t<div class=\"elementor-widget-wrap elementor-element-populated\">\n\t\t\t\t\t\t<div class=\"elementor-element elementor-element-872bfaa pbmit-btn-shape-rounded elementor-align-center pbmit-btn-color-globalcolor pbmit-btn-hover-color-blackish pbmit-btn-style-flat pbmit-btn-magnatic-yes elementor-widget elementor-widget-button\" data-id=\"872bfaa\" data-element_type=\"widget\" data-e-type=\"widget\" data-widget_type=\"button.default\">\n\t\t\t\t<div class=\"elementor-widget-container\">\n\t\t\t\t\t\t\t\t\t<div class=\"elementor-button-wrapper\">\n\t\t\t\t\t<a class=\"elementor-button elementor-button-link elementor-size-sm\" href=\"https:\/\/www.allium-distribution.com\/es\/pongase-en-contacto-con\/\">\n\t\t\t\t\t\t<span class=\"elementor-button-content-wrapper\">\n\t\t\t\t\t\t\t\t\t<span class=\"elementor-button-text\">P\u00f3ngase en contacto con nosotros<\/span>\n\t\t\t\t\t<\/span>\n\t\t\t\t\t<\/a>\n\t\t\t\t<\/div>\n\t\t\t\t\t\t\t\t<\/div>\n\t\t\t\t<\/div>\n\t\t\t\t\t<\/div>\n\t\t<\/div>\n\t\t\t\t\t<\/div>\n\t\t<\/section>\n\t\t\t\t<section class=\"elementor-section elementor-top-section elementor-element elementor-element-3ae1e08 pbmit-col-stretched-none pbmit-bg-color-over-image elementor-section-boxed elementor-section-height-default elementor-section-height-default\" data-id=\"3ae1e08\" data-element_type=\"section\" data-e-type=\"section\">\n\t\t\t\t\t\t<div class=\"elementor-container elementor-column-gap-default\">\n\t\t\t\t\t<div class=\"elementor-column elementor-col-100 elementor-top-column elementor-element elementor-element-93fb04b pbmit-bg-color-over-image\" data-id=\"93fb04b\" data-element_type=\"column\" data-e-type=\"column\">\n\t\t\t<div class=\"elementor-widget-wrap elementor-element-populated\">\n\t\t\t\t\t\t<div class=\"elementor-element elementor-element-4b1c78f elementor-widget elementor-widget-spacer\" data-id=\"4b1c78f\" data-element_type=\"widget\" data-e-type=\"widget\" data-widget_type=\"spacer.default\">\n\t\t\t\t<div class=\"elementor-widget-container\">\n\t\t\t\t\t\t\t<div class=\"elementor-spacer\">\n\t\t\t<div class=\"elementor-spacer-inner\"><\/div>\n\t\t<\/div>\n\t\t\t\t\t\t<\/div>\n\t\t\t\t<\/div>\n\t\t\t\t\t<\/div>\n\t\t<\/div>\n\t\t\t\t\t<\/div>\n\t\t<\/section>\n\t\t\t\t<\/div>","protected":false},"excerpt":{"rendered":"<p>Allium Distribution propose des solutions d\u2019approvisionnement en gros pour les professionnels du secteur alimentaire, avec des engagements en mati\u00e8re de qualit\u00e9 et de livraison. Votre Partenaire pour le Commerce de Gros Depuis 2007, Allium Distribution fournit des services de commerce de gros d\u00e9di\u00e9s aux distributeurs, industriels, conditionneurs, n\u00e9gociants en fruits et l\u00e9gumes, et demi-gros. Notre [&hellip;]<\/p>\n","protected":false},"author":1,"featured_media":0,"parent":0,"menu_order":0,"comment_status":"closed","ping_status":"closed","template":"","meta":{"_acf_changed":false,"_seopress_robots_primary_cat":"","_seopress_titles_title":"","_seopress_titles_desc":"","_seopress_robots_index":"","inline_featured_image":false,"footnotes":""},"class_list":["post-441","page","type-page","status-publish","hentry"],"acf":[],"_links":{"self":[{"href":"https:\/\/www.allium-distribution.com\/es\/wp-json\/wp\/v2\/pages\/441","targetHints":{"allow":["GET"]}}],"collection":[{"href":"https:\/\/www.allium-distribution.com\/es\/wp-json\/wp\/v2\/pages"}],"about":[{"href":"https:\/\/www.allium-distribution.com\/es\/wp-json\/wp\/v2\/types\/page"}],"author":[{"embeddable":true,"href":"https:\/\/www.allium-distribution.com\/es\/wp-json\/wp\/v2\/users\/1"}],"replies":[{"embeddable":true,"href":"https:\/\/www.allium-distribution.com\/es\/wp-json\/wp\/v2\/comments?post=441"}],"version-history":[{"count":5,"href":"https:\/\/www.allium-distribution.com\/es\/wp-json\/wp\/v2\/pages\/441\/revisions"}],"predecessor-version":[{"id":847,"href":"https:\/\/www.allium-distribution.com\/es\/wp-json\/wp\/v2\/pages\/441\/revisions\/847"}],"wp:attachment":[{"href":"https:\/\/www.allium-distribution.com\/es\/wp-json\/wp\/v2\/media?parent=441"}],"curies":[{"name":"wp","href":"https:\/\/api.w.org\/{rel}","templated":true}]}}