{"id":434,"date":"2024-12-19T13:44:59","date_gmt":"2024-12-19T13:44:59","guid":{"rendered":"https:\/\/www.allium-distribution.com\/?page_id=434"},"modified":"2025-12-17T12:15:53","modified_gmt":"2025-12-17T11:15:53","slug":"corretaje-de-alimentos-que-facilita-sus-transacciones-con-pericia","status":"publish","type":"page","link":"https:\/\/www.allium-distribution.com\/es\/courtage-alimentaire-faciliter-vos-transactions-avec-expertise\/","title":{"rendered":"Intermediaci\u00f3n alimentaria: facilitar sus transacciones con experiencia"},"content":{"rendered":"<div data-elementor-type=\"wp-page\" data-elementor-id=\"434\" class=\"elementor elementor-434\" data-elementor-post-type=\"page\">\n\t\t\t\t\t\t<section class=\"elementor-section elementor-top-section elementor-element elementor-element-eeac81a pbmit-col-stretched-none pbmit-bg-color-over-image elementor-section-boxed elementor-section-height-default elementor-section-height-default\" data-id=\"eeac81a\" data-element_type=\"section\" data-e-type=\"section\">\n\t\t\t\t\t\t<div class=\"elementor-container elementor-column-gap-default\">\n\t\t\t\t\t<div class=\"elementor-column elementor-col-100 elementor-top-column elementor-element elementor-element-4fe59ed pbmit-bg-color-over-image\" data-id=\"4fe59ed\" data-element_type=\"column\" data-e-type=\"column\">\n\t\t\t<div class=\"elementor-widget-wrap elementor-element-populated\">\n\t\t\t\t\t\t<div class=\"elementor-element elementor-element-b35aa73 elementor-widget elementor-widget-text-editor\" data-id=\"b35aa73\" data-element_type=\"widget\" data-e-type=\"widget\" data-widget_type=\"text-editor.default\">\n\t\t\t\t<div class=\"elementor-widget-container\">\n\t\t\t\t\t\t\t\t\t<p>\u00a0<\/p><p>Allium Distribution act\u00faa como intermediario de confianza en el sector alimentario para garantizar el \u00e9xito de sus transacciones comerciales y optimizar sus relaciones comerciales.<\/p><p><!-- Section Introduction --><\/p><section><h2>Un servicio de corretaje a medida<\/h2><p>Desde hace m\u00e1s de 15 a\u00f1os, Allium Distribution ayuda a los profesionales del sector alimentario a hacer negocios. Nuestra misi\u00f3n: conectar a proveedores y compradores para crear alianzas s\u00f3lidas y rentables.<\/p><\/section><p><!-- Services de Courtage --><\/p><section><h2>Nuestros servicios de corretaje<\/h2><p>Ofrecemos una gama completa de servicios para satisfacer las necesidades espec\u00edficas de los agentes de la cadena de suministro alimentario:<\/p><ul><li><strong>Apoyo a las ventas :<\/strong> Identificar las mejores oportunidades de mercado y negociar condiciones ventajosas.<\/li><li><strong>Gesti\u00f3n de las relaciones :<\/strong> Facilitar las interacciones entre proveedores y clientes para garantizar una colaboraci\u00f3n fluida.<\/li><li><strong>Asesoramiento estrat\u00e9gico :<\/strong> Orientaci\u00f3n sobre la elecci\u00f3n de socios, productos y condiciones contractuales.<\/li><\/ul><\/section><p><!-- Expertise en Transactions Commerciales --><\/p><section><h2>Apoyo en transacciones comerciales<\/h2><p>Nuestra experiencia nos permite garantizar la transparencia y seguridad de sus transacciones comerciales:<\/p><ul><li><strong>Coordinaci\u00f3n de los intercambios :<\/strong> Seguimiento riguroso de pedidos, env\u00edos y pagos.<\/li><li><strong>Reducci\u00f3n de da\u00f1os :<\/strong> Evaluaci\u00f3n en profundidad de los socios para garantizar su fiabilidad.<\/li><li><strong>Optimizar los plazos de entrega :<\/strong> Implantaci\u00f3n de soluciones a medida para cumplir sus calendarios de ventas.<\/li><\/ul><p>Allium Distribution se asegura de que cada etapa de sus transacciones se gestione con profesionalidad.<\/p><\/section><p><!-- Gestion des Relations Fournisseurs-Clients --><\/p><section><h2>Gesti\u00f3n de la relaci\u00f3n proveedor-cliente<\/h2><p>Actuamos como puente entre productores y compradores para garantizar una colaboraci\u00f3n fruct\u00edfera:<\/p><ul><li><strong>Para los proveedores :<\/strong> Acceso a mercados internacionales y compradores de confianza.<\/li><li><strong>Para los clientes :<\/strong> Adquirir productos de calidad a proveedores certificados.<\/li><li><strong>Mediaci\u00f3n :<\/strong> Resoluci\u00f3n r\u00e1pida y eficaz de cualquier litigio o ajuste necesario.<\/li><\/ul><p>Gracias a nuestra experiencia, creamos sinergias que benefician a todas las partes implicadas.<\/p><\/section><p><!-- Appel \u00e0 l'Action --><\/p><section><h2>N&rsquo;h\u00e9sitez-pas \u00e0 Nous Consulter<\/h2><p>\u00bfBusca un socio de confianza para facilitar sus transacciones comerciales en el sector alimentario? Allium Distribution est\u00e1 aqu\u00ed para ayudarle.<\/p><\/section>\t\t\t\t\t\t\t\t<\/div>\n\t\t\t\t<\/div>\n\t\t\t\t\t<\/div>\n\t\t<\/div>\n\t\t\t\t\t<\/div>\n\t\t<\/section>\n\t\t\t\t<section class=\"elementor-section elementor-top-section elementor-element elementor-element-e64d688 pbmit-col-stretched-none pbmit-bg-color-over-image elementor-section-boxed elementor-section-height-default elementor-section-height-default\" data-id=\"e64d688\" data-element_type=\"section\" data-e-type=\"section\">\n\t\t\t\t\t\t<div class=\"elementor-container elementor-column-gap-default\">\n\t\t\t\t\t<div class=\"elementor-column elementor-col-100 elementor-top-column elementor-element elementor-element-b1e5328 pbmit-bg-color-over-image\" data-id=\"b1e5328\" data-element_type=\"column\" data-e-type=\"column\">\n\t\t\t<div class=\"elementor-widget-wrap elementor-element-populated\">\n\t\t\t\t\t\t<div class=\"elementor-element elementor-element-8d3ce4d pbmit-btn-shape-rounded elementor-align-center pbmit-btn-color-globalcolor pbmit-btn-hover-color-blackish pbmit-btn-style-flat pbmit-btn-magnatic-yes elementor-widget elementor-widget-button\" data-id=\"8d3ce4d\" data-element_type=\"widget\" data-e-type=\"widget\" data-widget_type=\"button.default\">\n\t\t\t\t<div class=\"elementor-widget-container\">\n\t\t\t\t\t\t\t\t\t<div class=\"elementor-button-wrapper\">\n\t\t\t\t\t<a class=\"elementor-button elementor-button-link elementor-size-sm\" href=\"https:\/\/www.allium-distribution.com\/es\/pongase-en-contacto-con\/\">\n\t\t\t\t\t\t<span class=\"elementor-button-content-wrapper\">\n\t\t\t\t\t\t\t\t\t<span class=\"elementor-button-text\">P\u00f3ngase en contacto con nuestro equipo<\/span>\n\t\t\t\t\t<\/span>\n\t\t\t\t\t<\/a>\n\t\t\t\t<\/div>\n\t\t\t\t\t\t\t\t<\/div>\n\t\t\t\t<\/div>\n\t\t\t\t<div class=\"elementor-element elementor-element-c50f4fa elementor-widget elementor-widget-spacer\" data-id=\"c50f4fa\" data-element_type=\"widget\" data-e-type=\"widget\" data-widget_type=\"spacer.default\">\n\t\t\t\t<div class=\"elementor-widget-container\">\n\t\t\t\t\t\t\t<div class=\"elementor-spacer\">\n\t\t\t<div class=\"elementor-spacer-inner\"><\/div>\n\t\t<\/div>\n\t\t\t\t\t\t<\/div>\n\t\t\t\t<\/div>\n\t\t\t\t\t<\/div>\n\t\t<\/div>\n\t\t\t\t\t<\/div>\n\t\t<\/section>\n\t\t\t\t<\/div>","protected":false},"excerpt":{"rendered":"<p>Allium Distribution agit en tant qu\u2019interm\u00e9diaire de confiance dans le secteur alimentaire pour garantir le succ\u00e8s de vos transactions commerciales et optimiser vos relations d\u2019affaires. Un Service de Courtage sur Mesure Depuis plus de 15 ans, Allium Distribution accompagne les professionnels du secteur alimentaire dans leurs \u00e9changes commerciaux. Notre mission : connecter les fournisseurs et [&hellip;]<\/p>\n","protected":false},"author":1,"featured_media":0,"parent":0,"menu_order":0,"comment_status":"closed","ping_status":"closed","template":"","meta":{"_acf_changed":false,"_seopress_robots_primary_cat":"","_seopress_titles_title":"","_seopress_titles_desc":"","_seopress_robots_index":"","inline_featured_image":false,"footnotes":""},"class_list":["post-434","page","type-page","status-publish","hentry"],"acf":[],"_links":{"self":[{"href":"https:\/\/www.allium-distribution.com\/es\/wp-json\/wp\/v2\/pages\/434","targetHints":{"allow":["GET"]}}],"collection":[{"href":"https:\/\/www.allium-distribution.com\/es\/wp-json\/wp\/v2\/pages"}],"about":[{"href":"https:\/\/www.allium-distribution.com\/es\/wp-json\/wp\/v2\/types\/page"}],"author":[{"embeddable":true,"href":"https:\/\/www.allium-distribution.com\/es\/wp-json\/wp\/v2\/users\/1"}],"replies":[{"embeddable":true,"href":"https:\/\/www.allium-distribution.com\/es\/wp-json\/wp\/v2\/comments?post=434"}],"version-history":[{"count":5,"href":"https:\/\/www.allium-distribution.com\/es\/wp-json\/wp\/v2\/pages\/434\/revisions"}],"predecessor-version":[{"id":846,"href":"https:\/\/www.allium-distribution.com\/es\/wp-json\/wp\/v2\/pages\/434\/revisions\/846"}],"wp:attachment":[{"href":"https:\/\/www.allium-distribution.com\/es\/wp-json\/wp\/v2\/media?parent=434"}],"curies":[{"name":"wp","href":"https:\/\/api.w.org\/{rel}","templated":true}]}}