{"id":426,"date":"2024-12-19T13:41:20","date_gmt":"2024-12-19T13:41:20","guid":{"rendered":"https:\/\/www.allium-distribution.com\/?page_id=426"},"modified":"2025-12-17T12:15:08","modified_gmt":"2025-12-17T11:15:08","slug":"importacion-exportacion-experiencia-internacional-para-satisfacer-sus-necesidades","status":"publish","type":"page","link":"https:\/\/www.allium-distribution.com\/es\/import-export-une-expertise-internationale-au-service-de-vos-besoins\/","title":{"rendered":"Importaci\u00f3n y exportaci\u00f3n: experiencia internacional para satisfacer sus necesidades"},"content":{"rendered":"<div data-elementor-type=\"wp-page\" data-elementor-id=\"426\" class=\"elementor elementor-426\" data-elementor-post-type=\"page\">\n\t\t\t\t\t\t<section class=\"elementor-section elementor-top-section elementor-element elementor-element-717834e6 pbmit-col-stretched-none pbmit-bg-color-over-image elementor-section-boxed elementor-section-height-default elementor-section-height-default\" data-id=\"717834e6\" data-element_type=\"section\" data-e-type=\"section\">\n\t\t\t\t\t\t<div class=\"elementor-container elementor-column-gap-default\">\n\t\t\t\t\t<div class=\"elementor-column elementor-col-100 elementor-top-column elementor-element elementor-element-712191d5 pbmit-bg-color-over-image\" data-id=\"712191d5\" data-element_type=\"column\" data-e-type=\"column\">\n\t\t\t<div class=\"elementor-widget-wrap elementor-element-populated\">\n\t\t\t\t\t\t<div class=\"elementor-element elementor-element-68491882 elementor-widget elementor-widget-text-editor\" data-id=\"68491882\" data-element_type=\"widget\" data-e-type=\"widget\" data-widget_type=\"text-editor.default\">\n\t\t\t\t<div class=\"elementor-widget-container\">\n\t\t\t\t\t\t\t\t\t<p>Allium Distribution puede ayudarle a importar y exportar hortalizas de alta calidad, con experiencia demostrada en log\u00edstica y aduanas internacionales.<\/p><p><!-- Section Introduction --><\/p><section><h2>Nuestro enfoque Import-Export<\/h2><p>Desde 2007, facilitamos el comercio de hortalizas como ajos, cebollas y chalotas gracias a nuestro <strong>red internacional de proveedores y clientes<\/strong>. Nos comprometemos a ofrecer soluciones a medida, adaptadas a los requisitos espec\u00edficos de cada mercado.<\/p><\/section><p><!-- R\u00e9seau de Fournisseurs et Clients --><\/p><section><h2>Una s\u00f3lida red internacional<\/h2><p>Nuestra red se basa en asociaciones estrat\u00e9gicas con productores y clientes de zonas clave:<\/p><ul><li><strong>Proveedores :<\/strong> Asociaciones de confianza en <strong>Francia<\/strong>, <strong>Espa\u00f1a<\/strong>, <strong>Argentina<\/strong>, <strong>Nueva Zelanda<\/strong>, <strong>Chine, Mexique, Chili, Australie et Egypte<\/strong>.<\/li><li><strong>Clientes :<\/strong> Colaboraci\u00f3n con distribuidores, industriales, comerciantes y semimayoristas en <strong>Europa<\/strong>, <strong>Am\u00e9rica<\/strong> y <strong>Asia<\/strong>.<\/li><\/ul><p>Estas asociaciones garantizan un suministro constante y unos intercambios eficaces.<\/p><\/section><p><!-- Zones G\u00e9ographiques Couvertes --><\/p><section><h2>Zonas geogr\u00e1ficas cubiertas<\/h2><p>Allium Distribution cubre una amplia gama de regiones para satisfacer las necesidades de sus clientes:<\/p><ul><li><strong>Europa :<\/strong> France, Espagne, Allemagne, Italie, Royaume-Uni, Roumanie, Moldavie, Belgique, Portugal, Hongrie et R\u00e9publique tch\u00e8que.<\/li><li><strong>Am\u00e9rica :<\/strong> Brasil, Chile, M\u00e9xico, Per\u00fa y Argentina.<\/li><li><strong>Asia :<\/strong> Chine et autres march\u00e9s en pleine expansion.<\/li><li><strong>Afrique<\/strong> : Maroc et Egypte.<\/li><li><strong>Oc\u00e9anie<\/strong> : Australie et Nouvelle-Z\u00e9lande.<\/li><\/ul><p>Adaptamos nuestros servicios a las especificidades normativas y culturales de cada regi\u00f3n.<\/p><\/section><p><!-- Expertise Logistique et Douani\u00e8re --><\/p><section><h2>Experiencia en log\u00edstica y aduanas<\/h2><p>Nuestro equipo domina todos los aspectos log\u00edsticos y aduaneros necesarios para unas operaciones fluidas y seguras:<\/p><ul><li><strong>Log\u00edstica :<\/strong> Organizaci\u00f3n del transporte multimodal (terrestre, mar\u00edtimo y a\u00e9reo) y seguimiento en tiempo real.<\/li><li><strong>Aduanas :<\/strong> Cumplimiento de la normativa y gesti\u00f3n proactiva de los tr\u00e1mites aduaneros de cada destino.<\/li><li><strong>Optimizar los plazos de entrega :<\/strong> Reducci\u00f3n de los tiempos de tr\u00e1nsito gracias a una planificaci\u00f3n rigurosa.<\/li><\/ul><p>Gracias a nuestra experiencia, podemos garantizar una entrega sin problemas, est\u00e9 donde est\u00e9.<\/p><\/section><p><!-- Appel \u00e0 l'Action --><\/p><section><h2>P\u00f3ngase en contacto con nosotros para sus necesidades de importaci\u00f3n y exportaci\u00f3n<\/h2><p>\u00bfNecesita un socio fiable para sus operaciones de importaci\u00f3n y exportaci\u00f3n? Allium Distribution est\u00e1 a su lado.<\/p><\/section>\t\t\t\t\t\t\t\t<\/div>\n\t\t\t\t<\/div>\n\t\t\t\t<div class=\"elementor-element elementor-element-bbf7a26 pbmit-btn-shape-rounded elementor-align-center pbmit-btn-color-globalcolor pbmit-btn-hover-color-blackish pbmit-btn-style-flat pbmit-btn-magnatic-yes elementor-widget elementor-widget-button\" data-id=\"bbf7a26\" data-element_type=\"widget\" data-e-type=\"widget\" data-widget_type=\"button.default\">\n\t\t\t\t<div class=\"elementor-widget-container\">\n\t\t\t\t\t\t\t\t\t<div class=\"elementor-button-wrapper\">\n\t\t\t\t\t<a class=\"elementor-button elementor-button-link elementor-size-sm\" href=\"https:\/\/www.allium-distribution.com\/es\/pongase-en-contacto-con\/\">\n\t\t\t\t\t\t<span class=\"elementor-button-content-wrapper\">\n\t\t\t\t\t\t\t\t\t<span class=\"elementor-button-text\">Solicitar un presupuesto personalizado<\/span>\n\t\t\t\t\t<\/span>\n\t\t\t\t\t<\/a>\n\t\t\t\t<\/div>\n\t\t\t\t\t\t\t\t<\/div>\n\t\t\t\t<\/div>\n\t\t\t\t\t<\/div>\n\t\t<\/div>\n\t\t\t\t\t<\/div>\n\t\t<\/section>\n\t\t\t\t<section class=\"elementor-section elementor-top-section elementor-element elementor-element-4be9670 pbmit-col-stretched-none pbmit-bg-color-over-image elementor-section-boxed elementor-section-height-default elementor-section-height-default\" data-id=\"4be9670\" data-element_type=\"section\" data-e-type=\"section\">\n\t\t\t\t\t\t<div class=\"elementor-container elementor-column-gap-default\">\n\t\t\t\t\t<div class=\"elementor-column elementor-col-100 elementor-top-column elementor-element elementor-element-c062c70 pbmit-bg-color-over-image\" data-id=\"c062c70\" data-element_type=\"column\" data-e-type=\"column\">\n\t\t\t<div class=\"elementor-widget-wrap elementor-element-populated\">\n\t\t\t\t\t\t<div class=\"elementor-element elementor-element-b10ff24 elementor-widget elementor-widget-spacer\" data-id=\"b10ff24\" data-element_type=\"widget\" data-e-type=\"widget\" data-widget_type=\"spacer.default\">\n\t\t\t\t<div class=\"elementor-widget-container\">\n\t\t\t\t\t\t\t<div class=\"elementor-spacer\">\n\t\t\t<div class=\"elementor-spacer-inner\"><\/div>\n\t\t<\/div>\n\t\t\t\t\t\t<\/div>\n\t\t\t\t<\/div>\n\t\t\t\t\t<\/div>\n\t\t<\/div>\n\t\t\t\t\t<\/div>\n\t\t<\/section>\n\t\t\t\t<\/div>","protected":false},"excerpt":{"rendered":"<p>Allium Distribution vous accompagne dans l&rsquo;importation et l&rsquo;exportation de l\u00e9gumes de qualit\u00e9 sup\u00e9rieure, avec une expertise \u00e9prouv\u00e9e en logistique et douanes internationales. Notre Approche en Import-Export Depuis 2007, nous facilitons les \u00e9changes commerciaux de l\u00e9gumes tels que l\u2019ail, l\u2019oignon et l\u2019\u00e9chalote gr\u00e2ce \u00e0 notre r\u00e9seau international de fournisseurs et de clients. Nous nous engageons \u00e0 [&hellip;]<\/p>\n","protected":false},"author":1,"featured_media":0,"parent":0,"menu_order":0,"comment_status":"closed","ping_status":"closed","template":"elementor_header_footer","meta":{"_acf_changed":false,"_seopress_robots_primary_cat":"","_seopress_titles_title":"","_seopress_titles_desc":"","_seopress_robots_index":"","inline_featured_image":false,"footnotes":""},"class_list":["post-426","page","type-page","status-publish","hentry"],"acf":[],"_links":{"self":[{"href":"https:\/\/www.allium-distribution.com\/es\/wp-json\/wp\/v2\/pages\/426","targetHints":{"allow":["GET"]}}],"collection":[{"href":"https:\/\/www.allium-distribution.com\/es\/wp-json\/wp\/v2\/pages"}],"about":[{"href":"https:\/\/www.allium-distribution.com\/es\/wp-json\/wp\/v2\/types\/page"}],"author":[{"embeddable":true,"href":"https:\/\/www.allium-distribution.com\/es\/wp-json\/wp\/v2\/users\/1"}],"replies":[{"embeddable":true,"href":"https:\/\/www.allium-distribution.com\/es\/wp-json\/wp\/v2\/comments?post=426"}],"version-history":[{"count":5,"href":"https:\/\/www.allium-distribution.com\/es\/wp-json\/wp\/v2\/pages\/426\/revisions"}],"predecessor-version":[{"id":845,"href":"https:\/\/www.allium-distribution.com\/es\/wp-json\/wp\/v2\/pages\/426\/revisions\/845"}],"wp:attachment":[{"href":"https:\/\/www.allium-distribution.com\/es\/wp-json\/wp\/v2\/media?parent=426"}],"curies":[{"name":"wp","href":"https:\/\/api.w.org\/{rel}","templated":true}]}}