{"id":3,"date":"2024-11-28T15:46:00","date_gmt":"2024-11-28T15:46:00","guid":{"rendered":"https:\/\/www.allium-distribution.com\/?page_id=3"},"modified":"2024-12-19T13:06:53","modified_gmt":"2024-12-19T13:06:53","slug":"informacion-legal","status":"publish","type":"page","link":"https:\/\/www.allium-distribution.com\/es\/mentions-legales\/","title":{"rendered":"Informaci\u00f3n jur\u00eddica"},"content":{"rendered":"<h2 class=\"wp-block-heading\">1 - Editar el sitio<\/h2>\n\n\n\n<p>De conformidad con el art\u00edculo 6 de la Ley n\u00ba 2004-575, de 21 de junio de 2004, sobre la confianza en la econom\u00eda digital, se informa a los usuarios del sitio web de que<strong>\u00a0ALLIUM DISTRIBUTION<\/strong>\u00a0la identidad de las distintas partes implicadas en su creaci\u00f3n y control: Propietario del sitio : <strong><strong>ALLIUM DISTRIBUTION<\/strong><\/strong> - Contacto:\u00a0<strong><strong>ALLIUM DISTRIBUTION<\/strong><\/strong>\u00a0Identificaci\u00f3n de la empresa :\u00a0<strong><strong>ALLIUM DISTRIBUTION<\/strong><\/strong>\u00a0- SIREN: 495073645 - RCS: 495 073 645 R.C.S. Macon - Direcci\u00f3n postal: Cit\u00e9 de l'Entreprise 200 Boulevard De la R\u00e9sistance 71000 M\u00e2con. Director de la publicaci\u00f3n: <strong><strong>ALLIUM DISTRIBUTION<\/strong><\/strong> Anfitri\u00f3n: IONOS - 7 Pl. de la Gare, 57200 Sarreguemines - Tel\u00e9fono: +33970808911 Responsable de la protecci\u00f3n de datos: - IONOS - 7 Pl. de la Gare, 57200 Sarreguemines - Tel\u00e9fono: +33970808911 <strong><strong>ALLIUM DISTRIBUTION<\/strong><\/strong><\/p>\n\n\n\n<h2 class=\"wp-block-heading\">2 - Propiedad intelectual y falsificaci\u00f3n.<\/h2>\n\n\n\n<p><strong><strong>ALLIUM DISTRIBUTION<\/strong><\/strong>\u00a0es titular de los derechos de propiedad intelectual y posee los derechos de uso sobre todos los elementos accesibles en el sitio web, en particular los textos, im\u00e1genes, gr\u00e1ficos, logotipos, v\u00eddeos, arquitectura, iconos y sonidos. Queda prohibida toda reproducci\u00f3n, representaci\u00f3n, modificaci\u00f3n, publicaci\u00f3n o adaptaci\u00f3n de la totalidad o parte de los elementos del sitio, sea cual sea el medio o procedimiento utilizado, salvo autorizaci\u00f3n previa por escrito de\u00a0<strong><strong>ALLIUM DISTRIBUTION<\/strong><\/strong>\u00a0Cualquier uso no autorizado del sitio o de cualquiera de los elementos que contiene se considerar\u00e1 constitutivo de infracci\u00f3n y ser\u00e1 perseguido de conformidad con lo dispuesto en los art\u00edculos L.335-2 y siguientes del C\u00f3digo de la Propiedad Intelectual franc\u00e9s.<\/p>\n\n\n\n<h2 class=\"wp-block-heading\">3 - Limitaciones de responsabilidad.<\/h2>\n\n\n\n<p><strong><strong>ALLIUM DISTRIBUTION<\/strong><\/strong>\u00a0no asume responsabilidad alguna por el uso que pueda hacerse de la informaci\u00f3n y contenidos presentes en\u00a0<a href=\"http:\/\/selliers-garnisseurs.fr\/\"><strong><strong>ALLIUM DISTRIBUTION<\/strong><\/strong><\/a>\u00a0Focus web se compromete a hacer que el sitio sea lo m\u00e1s seguro posible\u00a0<a href=\"http:\/\/selliers-garnisseurs.fr\/\"><strong><strong>ALLIUM DISTRIBUTION<\/strong><\/strong><\/a>Sin embargo, no se hace responsable si se importan e instalan en su sitio datos no deseados sin su conocimiento. Los usuarios tienen a su disposici\u00f3n espacios interactivos (espacio de contacto o comentarios).\u00a0<strong><strong>ALLIUM DISTRIBUTION<\/strong><\/strong>\u00a0se reserva el derecho de suprimir, sin previo aviso, cualquier contenido publicado en este espacio que contravenga la legislaci\u00f3n aplicable en Francia, en particular las disposiciones relativas a la protecci\u00f3n de datos. En su caso,\u00a0<strong><strong>ALLIUM DISTRIBUTION<\/strong><\/strong>\u00a0se reserva asimismo el derecho de exigir responsabilidades civiles y\/o penales al usuario, especialmente en caso de mensajes de car\u00e1cter racista, insultante, difamatorio o pornogr\u00e1fico, cualquiera que sea el soporte utilizado (texto, fotograf\u00edas, etc.).<\/p>\n\n\n\n<h2 class=\"wp-block-heading\">4 - CNIL y gesti\u00f3n de datos personales.<\/h2>\n\n\n\n<p>De conformidad con las disposiciones de la Ley 78-17 de 6 de enero de 1978 modificada, los usuarios del sitio web\u00a0<a href=\"http:\/\/selliers-garnisseurs.fr\/\"><strong><strong>ALLIUM DISTRIBUTION<\/strong><\/strong><\/a>\u00a0tiene derecho a acceder, modificar y suprimir la informaci\u00f3n recopilada. Para ejercer este derecho, env\u00ede un mensaje a nuestro responsable de protecci\u00f3n de datos: .<\/p>\n\n\n\n<h2 class=\"wp-block-heading\">5 - Enlaces de hipertexto y cookies<\/h2>\n\n\n\n<p>El sitio web\u00a0<a href=\"http:\/\/selliers-garnisseurs.fr\/\"><strong><strong>ALLIUM DISTRIBUTION<\/strong><\/strong><\/a>\u00a0contiene enlaces de hipertexto a otros sitios y no acepta responsabilidad alguna por estos enlaces externos ni por los enlaces creados por otros sitios a\u00a0<a href=\"http:\/\/selliers-garnisseurs.fr\/\"><strong><strong>ALLIUM DISTRIBUTION<\/strong><\/strong><\/a>\u00a0Navegar por el sitio\u00a0<a href=\"http:\/\/selliers-garnisseurs.fr\/\"><strong><strong>ALLIUM DISTRIBUTION<\/strong><\/strong><\/a>\u00a0puede provocar la instalaci\u00f3n de \"cookies\" en el ordenador del usuario. Una \"cookie\" es un peque\u00f1o archivo que registra informaci\u00f3n relativa a la navegaci\u00f3n de un usuario en un sitio. Los datos as\u00ed obtenidos pueden utilizarse, por ejemplo, para medir el n\u00famero de visitantes. Puede aceptar o rechazar las cookies modificando la configuraci\u00f3n de su navegador. No se depositar\u00e1 ninguna cookie sin su consentimiento. 6 - Derecho aplicable y jurisdicci\u00f3n. Cualquier litigio relativo a la utilizaci\u00f3n del sitio\u00a0<a href=\"http:\/\/selliers-garnisseurs.fr\/\"><strong><strong>ALLIUM DISTRIBUTION<\/strong><\/strong><\/a>\u00a0est\u00e1 sujeta a la legislaci\u00f3n francesa. Salvo en los casos en que la ley no lo permita, la jurisdicci\u00f3n exclusiva corresponde a los tribunales competentes de Villefranche-sur-Sa\u00f4ne.<\/p>","protected":false},"excerpt":{"rendered":"<p>1 \u2013 \u00c9dition du site En vertu de l\u2019article 6 de la loi n\u00b0 2004-575 du 21 juin 2004 pour la confiance dans l\u2019\u00e9conomie num\u00e9rique, il est pr\u00e9cis\u00e9 aux utilisateurs du site internet\u00a0ALLIUM DISTRIBUTION\u00a0l\u2019identit\u00e9 des diff\u00e9rents intervenants dans le cadre de sa r\u00e9alisation et de son suivi: Propri\u00e9taire du site : ALLIUM DISTRIBUTION \u2013 Contact [&hellip;]<\/p>\n","protected":false},"author":1,"featured_media":0,"parent":0,"menu_order":0,"comment_status":"closed","ping_status":"open","template":"","meta":{"_acf_changed":false,"_seopress_robots_primary_cat":"","_seopress_titles_title":"","_seopress_titles_desc":"","_seopress_robots_index":"","inline_featured_image":false,"footnotes":""},"class_list":["post-3","page","type-page","status-publish","hentry"],"acf":[],"_links":{"self":[{"href":"https:\/\/www.allium-distribution.com\/es\/wp-json\/wp\/v2\/pages\/3","targetHints":{"allow":["GET"]}}],"collection":[{"href":"https:\/\/www.allium-distribution.com\/es\/wp-json\/wp\/v2\/pages"}],"about":[{"href":"https:\/\/www.allium-distribution.com\/es\/wp-json\/wp\/v2\/types\/page"}],"author":[{"embeddable":true,"href":"https:\/\/www.allium-distribution.com\/es\/wp-json\/wp\/v2\/users\/1"}],"replies":[{"embeddable":true,"href":"https:\/\/www.allium-distribution.com\/es\/wp-json\/wp\/v2\/comments?post=3"}],"version-history":[{"count":2,"href":"https:\/\/www.allium-distribution.com\/es\/wp-json\/wp\/v2\/pages\/3\/revisions"}],"predecessor-version":[{"id":398,"href":"https:\/\/www.allium-distribution.com\/es\/wp-json\/wp\/v2\/pages\/3\/revisions\/398"}],"wp:attachment":[{"href":"https:\/\/www.allium-distribution.com\/es\/wp-json\/wp\/v2\/media?parent=3"}],"curies":[{"name":"wp","href":"https:\/\/api.w.org\/{rel}","templated":true}]}}