{"id":85,"date":"2024-04-01T08:28:01","date_gmt":"2024-04-01T08:28:01","guid":{"rendered":"http:\/\/agrimo-demo.pbminfotech.com\/demo1\/?page_id=3612"},"modified":"2025-09-19T07:20:19","modified_gmt":"2025-09-19T07:20:19","slug":"our-products","status":"publish","type":"page","link":"https:\/\/www.allium-distribution.com\/en\/nos-produits\/","title":{"rendered":"Our products"},"content":{"rendered":"\t\t<div data-elementor-type=\"wp-page\" data-elementor-id=\"85\" class=\"elementor elementor-85\" data-elementor-post-type=\"page\">\n\t\t\t\t\t\t<section class=\"elementor-section elementor-top-section elementor-element elementor-element-ec3c9f2 pbmit-col-stretched-none pbmit-bg-color-over-image elementor-section-boxed elementor-section-height-default elementor-section-height-default\" data-id=\"ec3c9f2\" data-element_type=\"section\" data-e-type=\"section\">\n\t\t\t\t\t\t<div class=\"elementor-container elementor-column-gap-default\">\n\t\t\t\t\t<div class=\"elementor-column elementor-col-100 elementor-top-column elementor-element elementor-element-a3fe405 pbmit-bg-color-over-image\" data-id=\"a3fe405\" data-element_type=\"column\" data-e-type=\"column\">\n\t\t\t<div class=\"elementor-widget-wrap elementor-element-populated\">\n\t\t\t\t\t\t<div class=\"elementor-element elementor-element-54bba35 elementor-widget elementor-widget-spacer\" data-id=\"54bba35\" data-element_type=\"widget\" data-e-type=\"widget\" data-widget_type=\"spacer.default\">\n\t\t\t\t<div class=\"elementor-widget-container\">\n\t\t\t\t\t\t\t<div class=\"elementor-spacer\">\n\t\t\t<div class=\"elementor-spacer-inner\"><\/div>\n\t\t<\/div>\n\t\t\t\t\t\t<\/div>\n\t\t\t\t<\/div>\n\t\t\t\t<div class=\"elementor-element elementor-element-8a1d9df elementor-widget elementor-widget-text-editor\" data-id=\"8a1d9df\" data-element_type=\"widget\" data-e-type=\"widget\" data-widget_type=\"text-editor.default\">\n\t\t\t\t<div class=\"elementor-widget-container\">\n\t\t\t\t\t\t\t\t\t<p><span style=\"color: #404a3d; font-family: Signika, sans-serif; font-size: 40px; letter-spacing: 0px; background-color: var(--pbmit-agrimo-body-bg-color);\">Nos Produits : Une Gamme Compl\u00e8te et Diversifi\u00e9e<\/span><\/p><header><p>Allium Distribution propose des produits de qualit\u00e9 sup\u00e9rieure, adapt\u00e9s aux besoins des professionnels internationaux : ail, \u00e9chalotes, \u00e9chalions et oignons. D\u00e9couvrez nos solutions sur mesure pour r\u00e9pondre \u00e0 toutes vos exigences.<\/p><\/header><p><!-- Aper\u00e7u G\u00e9n\u00e9ral des Produits --><\/p><section><h2>Un Aper\u00e7u de Notre Gamme<\/h2><p>Nous collaborons avec des producteurs de confiance pour garantir des produits certifi\u00e9s et tra\u00e7ables. Notre gamme comprend :<\/p><ul><li><strong>Ail :<\/strong> Diverses vari\u00e9t\u00e9s et tailles, conditionnements adapt\u00e9s \u00e0 vos besoins.<\/li><li><strong>\u00c9chalote et \u00c9chalion :<\/strong> Des produits raffin\u00e9s et pratiques pour les march\u00e9s exigeants.<\/li><li><strong>Oignon :<\/strong> Un large \u00e9ventail de vari\u00e9t\u00e9s pour toutes les applications culinaires.<\/li><\/ul><p>Chaque cat\u00e9gorie b\u00e9n\u00e9ficie d\u2019une page d\u00e9di\u00e9e o\u00f9 vous pourrez d\u00e9couvrir les d\u00e9tails, caract\u00e9ristiques et options de conditionnement sp\u00e9cifiques.<\/p><\/section><section><\/section>\t\t\t\t\t\t\t\t<\/div>\n\t\t\t\t<\/div>\n\t\t\t\t\t<\/div>\n\t\t<\/div>\n\t\t\t\t\t<\/div>\n\t\t<\/section>\n\t\t\t\t<section class=\"elementor-section elementor-top-section elementor-element elementor-element-a56a637 pbmit-col-stretched-none pbmit-bg-color-over-image elementor-section-boxed elementor-section-height-default elementor-section-height-default\" data-id=\"a56a637\" data-element_type=\"section\" data-e-type=\"section\">\n\t\t\t\t\t\t<div class=\"elementor-container elementor-column-gap-default\">\n\t\t\t\t\t<div class=\"elementor-column elementor-col-50 elementor-top-column elementor-element elementor-element-1d777c4 pbmit-bg-color-over-image\" data-id=\"1d777c4\" data-element_type=\"column\" data-e-type=\"column\">\n\t\t\t<div class=\"elementor-widget-wrap elementor-element-populated\">\n\t\t\t\t\t\t<div class=\"elementor-element elementor-element-7749cad elementor-widget elementor-widget-text-editor\" data-id=\"7749cad\" data-element_type=\"widget\" data-e-type=\"widget\" data-widget_type=\"text-editor.default\">\n\t\t\t\t<div class=\"elementor-widget-container\">\n\t\t\t\t\t\t\t\t\t<h2><a class=\"product-link\" href=\"\/nos-produits\/ail\">Ail<\/a><\/h2><p>Nous proposons une large s\u00e9lection d&rsquo;ail, avec des vari\u00e9t\u00e9s adapt\u00e9es aux march\u00e9s internationaux :<\/p><ul><li><strong>Vari\u00e9t\u00e9s :<\/strong> Ail blanc, violet, rose, bio.<\/li><li><strong>Origines :<\/strong> France, Espagne, Argentine, Chine.<\/li><li><strong>Conditionnements :<\/strong> Sacs, filets, cartons.<\/li><\/ul>\t\t\t\t\t\t\t\t<\/div>\n\t\t\t\t<\/div>\n\t\t\t\t\t<\/div>\n\t\t<\/div>\n\t\t\t\t<div class=\"elementor-column elementor-col-50 elementor-top-column elementor-element elementor-element-81a0b0c pbmit-bg-color-over-image\" data-id=\"81a0b0c\" data-element_type=\"column\" data-e-type=\"column\">\n\t\t\t<div class=\"elementor-widget-wrap elementor-element-populated\">\n\t\t\t\t\t\t<div class=\"elementor-element elementor-element-bc29806 e-transform elementor-widget elementor-widget-pbmit_service_element\" data-id=\"bc29806\" data-element_type=\"widget\" data-e-type=\"widget\" data-settings=\"{&quot;_transform_scale_effect&quot;:{&quot;unit&quot;:&quot;px&quot;,&quot;size&quot;:0.7,&quot;sizes&quot;:[]},&quot;_transform_scale_effect_tablet&quot;:{&quot;unit&quot;:&quot;px&quot;,&quot;size&quot;:&quot;&quot;,&quot;sizes&quot;:[]},&quot;_transform_scale_effect_mobile&quot;:{&quot;unit&quot;:&quot;px&quot;,&quot;size&quot;:&quot;&quot;,&quot;sizes&quot;:[]}}\" data-widget_type=\"pbmit_service_element.default\">\n\t\t\t\t<div class=\"elementor-widget-container\">\n\t\t\t\t\t\t\t\t\t<div class=\"pbminfotech-element\r\n\t\t\tpbminfotech-element-service\t\t\tpbmit-element-service-style-1\t\t\tpbmit-element-viewtype-row-column\t\t\tpbmit-element-column-one\t\t\tpbmit-element-sticky-carousel-false\t\t\tpbmit-element-caroursel-dot-false\t\t\tpbmit-infinite-scroll-no\t\t\tpbmit-infinite-scroll-button-no\t\t\tpbminfotech-gap-default\t\t\t\t\t\t\t\t\t\"\r\n\t\t\tdata-cpt=\"service\"\r\n\t\t\tdata-totalpagination=\"1\"\r\n\t\t\tdata-style=\"1\"\r\n\t\t\tdata-show=\"1\"\r\n\t\t\tdata-columns=\"1\"\r\n\t\t\tdata-loop=\"false\"\r\n\t\t\tdata-autoplay=\"false\"\r\n\t\t\tdata-center=\"false\"\r\n\t\t\tdata-nav=\"false\"\r\n\t\t\tdata-dots=\"false\"\r\n\t\t\tdata-reverse=\"false\"\r\n\t\t\tdata-speed=\"1000\"\r\n\t\t\tdata-delay=\"4000\"\r\n\t\t\tdata-margin=\"default\"\r\n\t\t\tdata-show-portion=\"false\">\r\n\t\t\t<div class=\"pbmit-element-inner\">\r\n\t\t\t\t\t<div class=\"pbmit-ele-header-area\">\r\n\t\t\t\t <div class=\"pbmit-heading-subheading pbmit-heading-subheading-style-1  animation-style4\"><\/div>\t\t\t\t\t\t\t\t\t\t\t<\/div>\r\n\t\t<div class=\"pbmit-infinite-scroll-data\">{\"cpt\":\"service\",\"style\":\"1\",\"columns\":\"1\",\"show\":1,\"from_category\":[\"ail\"],\"order\":\"DESC\",\"orderby\":\"none\"}<\/div>\t\t\t\t<div class=\"pbmit-element-posts-wrapper row multi-columns-row  \">\r\n\t\t\t\t\t\t\t\t\t\t<article class=\"pbmit-ele pbmit-ele-service pbmit-service-style-1 col-md-12 ail pbmit-term-28 allium pbmit-term-25  \"><div class=\"pbminfotech-post-item\">\r\n\t<div class=\"pbminfotech-box-content\">\r\n\t\t<div class=\"pbmit-box-content-wrap\">\r\n\t\t\t<div class=\"pbmit-service-image-wrapper\">\r\n\t\t\t\t<div class=\"pbmit-featured-img-wrapper\"><div class=\"pbmit-featured-wrapper\"><a href=\"https:\/\/www.allium-distribution.com\/en\/produits\/ail\/\"><img fetchpriority=\"high\" decoding=\"async\" width=\"770\" height=\"570\" src=\"https:\/\/www.allium-distribution.com\/wp-content\/uploads\/2024\/11\/wmremove-transformed-770x570.jpeg\" class=\"attachment-pbmit-img-770x570 size-pbmit-img-770x570 wp-post-image\" alt=\"\" srcset=\"https:\/\/www.allium-distribution.com\/wp-content\/uploads\/2024\/11\/wmremove-transformed-770x570.jpeg 770w, https:\/\/www.allium-distribution.com\/wp-content\/uploads\/2024\/11\/wmremove-transformed-18x12.jpeg 18w, https:\/\/www.allium-distribution.com\/wp-content\/uploads\/2024\/11\/wmremove-transformed-890x660.jpeg 890w\" sizes=\"(max-width: 770px) 100vw, 770px\" \/><\/a><\/div><\/div>\t\t\t<\/div>\r\n\t\t\t<div class=\"pbmit-box-content-inner\">\r\n\t\t\t\t<div class=\"pbmit-contant-box\">\r\n\t\t\t\t\t<div class=\"pbmit-serv-cat\"><a href=\"https:\/\/www.allium-distribution.com\/en\/product-category\/ail\/\" rel=\"tag\">Ail<\/a>, <a href=\"https:\/\/www.allium-distribution.com\/en\/product-category\/allium\/\" rel=\"tag\">Allium<\/a><\/div>\r\n\t\t\t\t\t<h3 class=\"pbmit-service-title\"><a href=\"https:\/\/www.allium-distribution.com\/en\/produits\/ail\/\">Ail<\/a><\/h3>\r\n\t\t\t\t<\/div>\r\n\t\t\t<\/div>\r\n\t\t<\/div>\r\n\t\t<div class=\"pbmit-short-desc\">\r\n\t\t\t\t\t<\/div>\r\n\r\n\t\t<a class=\"pbmit-service-btn\" href=\"https:\/\/www.allium-distribution.com\/en\/produits\/ail\/\" title=\"Ail\"><span class=\"pbmit-button-icon-wrapper\"><span class=\"pbmit-button-icon\"><i class=\"pbmit-base-icon-black-arrow-1\"><\/i><\/span><\/span><\/a>\r\n\t<\/div>\t\r\n\t<a class=\"pbmit-link\" href=\"https:\/\/www.allium-distribution.com\/en\/produits\/ail\/\"><\/a>\r\n<\/div><\/article>\t\t\t\t<\/div> <!-- .pbmit-element-posts-wrapper -->\r\n\t\t\t \r\n\t\t\t\t\t\t\t\t\t\t\t\t<\/div><!-- .pbmit-element-inner -->\r\n\t\t<\/div><!-- .pbminfotech-element -->\r\n\t\t\t\t\t\t\t\t<\/div>\n\t\t\t\t<\/div>\n\t\t\t\t\t<\/div>\n\t\t<\/div>\n\t\t\t\t\t<\/div>\n\t\t<\/section>\n\t\t\t\t<section class=\"elementor-section elementor-top-section elementor-element elementor-element-80fdef7 pbmit-col-stretched-none pbmit-bg-color-over-image elementor-section-boxed elementor-section-height-default elementor-section-height-default\" data-id=\"80fdef7\" data-element_type=\"section\" data-e-type=\"section\">\n\t\t\t\t\t\t<div class=\"elementor-container elementor-column-gap-default\">\n\t\t\t\t\t<div class=\"elementor-column elementor-col-50 elementor-top-column elementor-element elementor-element-793637d pbmit-bg-color-over-image\" data-id=\"793637d\" data-element_type=\"column\" data-e-type=\"column\">\n\t\t\t<div class=\"elementor-widget-wrap elementor-element-populated\">\n\t\t\t\t\t\t<div class=\"elementor-element elementor-element-04209bc elementor-widget elementor-widget-text-editor\" data-id=\"04209bc\" data-element_type=\"widget\" data-e-type=\"widget\" data-widget_type=\"text-editor.default\">\n\t\t\t\t<div class=\"elementor-widget-container\">\n\t\t\t\t\t\t\t\t\t<section>\n<p><a class=\"product-link\" style=\"font-family: Signika, sans-serif; font-size: 40px; letter-spacing: 0px; background-color: var(--pbmit-agrimo-body-bg-color);\" href=\"\/nos-produits\/echalote\">\u00c9chalote et \u00c9chalion<\/a><\/p>\n<\/section>\n<section>\n<p>D\u00e9couvrez notre s\u00e9lection d\u2019\u00e9chalotes et \u00e9chalions, des produits pris\u00e9s pour leur saveur et leur polyvalence :<\/p>\n<ul>\n<li><strong>Vari\u00e9t\u00e9s :<\/strong> \u00c9chalote longue, \u00e9chalote ronde, \u00e9chalion, \u00e9chalion rouge.<\/li>\n<li><strong>Origines :<\/strong> France, Espagne, Nouvelle-Z\u00e9lande.<\/li>\n<li><strong>Conditionnements :<\/strong> Sacs, filets, cartons<\/li>\n<\/ul>\n<\/section>\t\t\t\t\t\t\t\t<\/div>\n\t\t\t\t<\/div>\n\t\t\t\t\t<\/div>\n\t\t<\/div>\n\t\t\t\t<div class=\"elementor-column elementor-col-50 elementor-top-column elementor-element elementor-element-ec5669f pbmit-bg-color-over-image\" data-id=\"ec5669f\" data-element_type=\"column\" data-e-type=\"column\">\n\t\t\t<div class=\"elementor-widget-wrap elementor-element-populated\">\n\t\t\t\t\t\t<div class=\"elementor-element elementor-element-a2bcdb5 e-transform elementor-widget elementor-widget-pbmit_service_element\" data-id=\"a2bcdb5\" data-element_type=\"widget\" data-e-type=\"widget\" data-settings=\"{&quot;_transform_scale_effect&quot;:{&quot;unit&quot;:&quot;px&quot;,&quot;size&quot;:0.7,&quot;sizes&quot;:[]},&quot;_transform_scale_effect_tablet&quot;:{&quot;unit&quot;:&quot;px&quot;,&quot;size&quot;:&quot;&quot;,&quot;sizes&quot;:[]},&quot;_transform_scale_effect_mobile&quot;:{&quot;unit&quot;:&quot;px&quot;,&quot;size&quot;:&quot;&quot;,&quot;sizes&quot;:[]}}\" data-widget_type=\"pbmit_service_element.default\">\n\t\t\t\t<div class=\"elementor-widget-container\">\n\t\t\t\t\t\t\t\t\t<div class=\"pbminfotech-element\r\n\t\t\tpbminfotech-element-service\t\t\tpbmit-element-service-style-1\t\t\tpbmit-element-viewtype-row-column\t\t\tpbmit-element-column-one\t\t\tpbmit-element-sticky-carousel-false\t\t\tpbmit-element-caroursel-dot-false\t\t\tpbmit-infinite-scroll-no\t\t\tpbmit-infinite-scroll-button-no\t\t\tpbminfotech-gap-default\t\t\t\t\t\t\t\t\t\"\r\n\t\t\tdata-cpt=\"service\"\r\n\t\t\tdata-totalpagination=\"1\"\r\n\t\t\tdata-style=\"1\"\r\n\t\t\tdata-show=\"1\"\r\n\t\t\tdata-columns=\"1\"\r\n\t\t\tdata-loop=\"false\"\r\n\t\t\tdata-autoplay=\"false\"\r\n\t\t\tdata-center=\"false\"\r\n\t\t\tdata-nav=\"false\"\r\n\t\t\tdata-dots=\"false\"\r\n\t\t\tdata-reverse=\"false\"\r\n\t\t\tdata-speed=\"1000\"\r\n\t\t\tdata-delay=\"4000\"\r\n\t\t\tdata-margin=\"default\"\r\n\t\t\tdata-show-portion=\"false\">\r\n\t\t\t<div class=\"pbmit-element-inner\">\r\n\t\t\t\t\t<div class=\"pbmit-ele-header-area\">\r\n\t\t\t\t <div class=\"pbmit-heading-subheading pbmit-heading-subheading-style-1  animation-style4\"><\/div>\t\t\t\t\t\t\t\t\t\t\t<\/div>\r\n\t\t<div class=\"pbmit-infinite-scroll-data\">{\"cpt\":\"service\",\"style\":\"1\",\"columns\":\"1\",\"show\":1,\"from_category\":[\"echalote\"],\"order\":\"DESC\",\"orderby\":\"none\"}<\/div>\t\t\t\t<div class=\"pbmit-element-posts-wrapper row multi-columns-row  \">\r\n\t\t\t\t\t\t\t\t\t\t<article class=\"pbmit-ele pbmit-ele-service pbmit-service-style-1 col-md-12 allium pbmit-term-25 echalote pbmit-term-30  \"><div class=\"pbminfotech-post-item\">\r\n\t<div class=\"pbminfotech-box-content\">\r\n\t\t<div class=\"pbmit-box-content-wrap\">\r\n\t\t\t<div class=\"pbmit-service-image-wrapper\">\r\n\t\t\t\t<div class=\"pbmit-featured-img-wrapper\"><div class=\"pbmit-featured-wrapper\"><a href=\"https:\/\/www.allium-distribution.com\/en\/produits\/echalote\/\"><img decoding=\"async\" width=\"770\" height=\"570\" src=\"https:\/\/www.allium-distribution.com\/wp-content\/uploads\/2025\/04\/echalote-grappe-ok-770x570.jpg\" class=\"attachment-pbmit-img-770x570 size-pbmit-img-770x570 wp-post-image\" alt=\"\" srcset=\"https:\/\/www.allium-distribution.com\/wp-content\/uploads\/2025\/04\/echalote-grappe-ok-770x570.jpg 770w, https:\/\/www.allium-distribution.com\/wp-content\/uploads\/2025\/04\/echalote-grappe-ok-18x12.jpg 18w, https:\/\/www.allium-distribution.com\/wp-content\/uploads\/2025\/04\/echalote-grappe-ok-890x660.jpg 890w\" sizes=\"(max-width: 770px) 100vw, 770px\" \/><\/a><\/div><\/div>\t\t\t<\/div>\r\n\t\t\t<div class=\"pbmit-box-content-inner\">\r\n\t\t\t\t<div class=\"pbmit-contant-box\">\r\n\t\t\t\t\t<div class=\"pbmit-serv-cat\"><a href=\"https:\/\/www.allium-distribution.com\/en\/product-category\/allium\/\" rel=\"tag\">Allium<\/a>, <a href=\"https:\/\/www.allium-distribution.com\/en\/product-category\/echalote\/\" rel=\"tag\">Echalote<\/a><\/div>\r\n\t\t\t\t\t<h3 class=\"pbmit-service-title\"><a href=\"https:\/\/www.allium-distribution.com\/en\/produits\/echalote\/\">\u00c9chalote et \u00c9chalion<\/a><\/h3>\r\n\t\t\t\t<\/div>\r\n\t\t\t<\/div>\r\n\t\t<\/div>\r\n\t\t<div class=\"pbmit-short-desc\">\r\n\t\t\t\t\t<\/div>\r\n\r\n\t\t<a class=\"pbmit-service-btn\" href=\"https:\/\/www.allium-distribution.com\/en\/produits\/echalote\/\" title=\"\u00c9chalote et \u00c9chalion\"><span class=\"pbmit-button-icon-wrapper\"><span class=\"pbmit-button-icon\"><i class=\"pbmit-base-icon-black-arrow-1\"><\/i><\/span><\/span><\/a>\r\n\t<\/div>\t\r\n\t<a class=\"pbmit-link\" href=\"https:\/\/www.allium-distribution.com\/en\/produits\/echalote\/\"><\/a>\r\n<\/div><\/article>\t\t\t\t<\/div> <!-- .pbmit-element-posts-wrapper -->\r\n\t\t\t \r\n\t\t\t\t\t\t\t\t\t\t\t\t<\/div><!-- .pbmit-element-inner -->\r\n\t\t<\/div><!-- .pbminfotech-element -->\r\n\t\t\t\t\t\t\t\t<\/div>\n\t\t\t\t<\/div>\n\t\t\t\t\t<\/div>\n\t\t<\/div>\n\t\t\t\t\t<\/div>\n\t\t<\/section>\n\t\t\t\t<section class=\"elementor-section elementor-top-section elementor-element elementor-element-2804d0e pbmit-col-stretched-none pbmit-bg-color-over-image elementor-section-boxed elementor-section-height-default elementor-section-height-default\" data-id=\"2804d0e\" data-element_type=\"section\" data-e-type=\"section\">\n\t\t\t\t\t\t<div class=\"elementor-container elementor-column-gap-default\">\n\t\t\t\t\t<div class=\"elementor-column elementor-col-50 elementor-top-column elementor-element elementor-element-348cf9f pbmit-bg-color-over-image\" data-id=\"348cf9f\" data-element_type=\"column\" data-e-type=\"column\">\n\t\t\t<div class=\"elementor-widget-wrap elementor-element-populated\">\n\t\t\t\t\t\t<div class=\"elementor-element elementor-element-fdeeddc elementor-widget elementor-widget-text-editor\" data-id=\"fdeeddc\" data-element_type=\"widget\" data-e-type=\"widget\" data-widget_type=\"text-editor.default\">\n\t\t\t\t<div class=\"elementor-widget-container\">\n\t\t\t\t\t\t\t\t\t<section><section><p><a style=\"font-family: Poppins, sans-serif; font-size: 45px; font-weight: 600; letter-spacing: 0px;\" href=\"\/nos-produits\/oignon\">Oignon<\/a><\/p><\/section><section><p>Notre gamme d\u2019oignons inclut des vari\u00e9t\u00e9s adapt\u00e9es \u00e0 de nombreux usages culinaires et industriels :<\/p><ul><li><strong>Vari\u00e9t\u00e9s :<\/strong> Oignon rouge, jaune, blanc et doux.<\/li><li><strong>Origines :<\/strong> France, Espagne, Nouvelle-Z\u00e9lande, \u00c9gypte.<\/li><li><strong>Saisonnalit\u00e9 :<\/strong> Disponibilit\u00e9 en contre-saison gr\u00e2ce \u00e0 notre r\u00e9seau international.<\/li><\/ul><\/section><\/section>\t\t\t\t\t\t\t\t<\/div>\n\t\t\t\t<\/div>\n\t\t\t\t\t<\/div>\n\t\t<\/div>\n\t\t\t\t<div class=\"elementor-column elementor-col-50 elementor-top-column elementor-element elementor-element-ef6a5e4 pbmit-bg-color-over-image\" data-id=\"ef6a5e4\" data-element_type=\"column\" data-e-type=\"column\">\n\t\t\t<div class=\"elementor-widget-wrap elementor-element-populated\">\n\t\t\t\t\t\t<div class=\"elementor-element elementor-element-52ae588 e-transform elementor-widget elementor-widget-pbmit_service_element\" data-id=\"52ae588\" data-element_type=\"widget\" data-e-type=\"widget\" data-settings=\"{&quot;_transform_scale_effect&quot;:{&quot;unit&quot;:&quot;px&quot;,&quot;size&quot;:0.7,&quot;sizes&quot;:[]},&quot;_transform_scale_effect_tablet&quot;:{&quot;unit&quot;:&quot;px&quot;,&quot;size&quot;:&quot;&quot;,&quot;sizes&quot;:[]},&quot;_transform_scale_effect_mobile&quot;:{&quot;unit&quot;:&quot;px&quot;,&quot;size&quot;:&quot;&quot;,&quot;sizes&quot;:[]}}\" data-widget_type=\"pbmit_service_element.default\">\n\t\t\t\t<div class=\"elementor-widget-container\">\n\t\t\t\t\t\t\t\t\t<div class=\"pbminfotech-element\r\n\t\t\tpbminfotech-element-service\t\t\tpbmit-element-service-style-1\t\t\tpbmit-element-viewtype-row-column\t\t\tpbmit-element-column-one\t\t\tpbmit-element-sticky-carousel-false\t\t\tpbmit-element-caroursel-dot-false\t\t\tpbmit-infinite-scroll-no\t\t\tpbmit-infinite-scroll-button-no\t\t\tpbminfotech-gap-default\t\t\t\t\t\t\t\t\t\"\r\n\t\t\tdata-cpt=\"service\"\r\n\t\t\tdata-totalpagination=\"1\"\r\n\t\t\tdata-style=\"1\"\r\n\t\t\tdata-show=\"1\"\r\n\t\t\tdata-columns=\"1\"\r\n\t\t\tdata-loop=\"false\"\r\n\t\t\tdata-autoplay=\"false\"\r\n\t\t\tdata-center=\"false\"\r\n\t\t\tdata-nav=\"false\"\r\n\t\t\tdata-dots=\"false\"\r\n\t\t\tdata-reverse=\"false\"\r\n\t\t\tdata-speed=\"1000\"\r\n\t\t\tdata-delay=\"4000\"\r\n\t\t\tdata-margin=\"default\"\r\n\t\t\tdata-show-portion=\"false\">\r\n\t\t\t<div class=\"pbmit-element-inner\">\r\n\t\t\t\t\t<div class=\"pbmit-ele-header-area\">\r\n\t\t\t\t <div class=\"pbmit-heading-subheading pbmit-heading-subheading-style-1  animation-style4\"><\/div>\t\t\t\t\t\t\t\t\t\t\t<\/div>\r\n\t\t<div class=\"pbmit-infinite-scroll-data\">{\"cpt\":\"service\",\"style\":\"1\",\"columns\":\"1\",\"show\":1,\"from_category\":[\"oignon\"],\"order\":\"DESC\",\"orderby\":\"none\"}<\/div>\t\t\t\t<div class=\"pbmit-element-posts-wrapper row multi-columns-row  \">\r\n\t\t\t\t\t\t\t\t\t\t<article class=\"pbmit-ele pbmit-ele-service pbmit-service-style-1 col-md-12 allium pbmit-term-25 oignon pbmit-term-29  \"><div class=\"pbminfotech-post-item\">\r\n\t<div class=\"pbminfotech-box-content\">\r\n\t\t<div class=\"pbmit-box-content-wrap\">\r\n\t\t\t<div class=\"pbmit-service-image-wrapper\">\r\n\t\t\t\t<div class=\"pbmit-featured-img-wrapper\"><div class=\"pbmit-featured-wrapper\"><a href=\"https:\/\/www.allium-distribution.com\/en\/produits\/oignon\/\"><img decoding=\"async\" width=\"770\" height=\"570\" src=\"https:\/\/www.allium-distribution.com\/wp-content\/uploads\/2024\/11\/photo-OIG-JAUNE-champ-ok-770x570.jpg\" class=\"attachment-pbmit-img-770x570 size-pbmit-img-770x570 wp-post-image\" alt=\"\" srcset=\"https:\/\/www.allium-distribution.com\/wp-content\/uploads\/2024\/11\/photo-OIG-JAUNE-champ-ok-770x570.jpg 770w, https:\/\/www.allium-distribution.com\/wp-content\/uploads\/2024\/11\/photo-OIG-JAUNE-champ-ok-18x12.jpg 18w, https:\/\/www.allium-distribution.com\/wp-content\/uploads\/2024\/11\/photo-OIG-JAUNE-champ-ok-890x660.jpg 890w\" sizes=\"(max-width: 770px) 100vw, 770px\" \/><\/a><\/div><\/div>\t\t\t<\/div>\r\n\t\t\t<div class=\"pbmit-box-content-inner\">\r\n\t\t\t\t<div class=\"pbmit-contant-box\">\r\n\t\t\t\t\t<div class=\"pbmit-serv-cat\"><a href=\"https:\/\/www.allium-distribution.com\/en\/product-category\/allium\/\" rel=\"tag\">Allium<\/a>, <a href=\"https:\/\/www.allium-distribution.com\/en\/product-category\/oignon\/\" rel=\"tag\">Oignon<\/a><\/div>\r\n\t\t\t\t\t<h3 class=\"pbmit-service-title\"><a href=\"https:\/\/www.allium-distribution.com\/en\/produits\/oignon\/\">Oignons<\/a><\/h3>\r\n\t\t\t\t<\/div>\r\n\t\t\t<\/div>\r\n\t\t<\/div>\r\n\t\t<div class=\"pbmit-short-desc\">\r\n\t\t\t\t\t<\/div>\r\n\r\n\t\t<a class=\"pbmit-service-btn\" href=\"https:\/\/www.allium-distribution.com\/en\/produits\/oignon\/\" title=\"Oignons\"><span class=\"pbmit-button-icon-wrapper\"><span class=\"pbmit-button-icon\"><i class=\"pbmit-base-icon-black-arrow-1\"><\/i><\/span><\/span><\/a>\r\n\t<\/div>\t\r\n\t<a class=\"pbmit-link\" href=\"https:\/\/www.allium-distribution.com\/en\/produits\/oignon\/\"><\/a>\r\n<\/div><\/article>\t\t\t\t<\/div> <!-- .pbmit-element-posts-wrapper -->\r\n\t\t\t \r\n\t\t\t\t\t\t\t\t\t\t\t\t<\/div><!-- .pbmit-element-inner -->\r\n\t\t<\/div><!-- .pbminfotech-element -->\r\n\t\t\t\t\t\t\t\t<\/div>\n\t\t\t\t<\/div>\n\t\t\t\t\t<\/div>\n\t\t<\/div>\n\t\t\t\t\t<\/div>\n\t\t<\/section>\n\t\t\t\t<section class=\"elementor-section elementor-top-section elementor-element elementor-element-7e03913 pbmit-col-stretched-none pbmit-bg-color-over-image elementor-section-boxed elementor-section-height-default elementor-section-height-default\" data-id=\"7e03913\" data-element_type=\"section\" data-e-type=\"section\">\n\t\t\t\t\t\t<div class=\"elementor-container elementor-column-gap-default\">\n\t\t\t\t\t<div class=\"elementor-column elementor-col-100 elementor-top-column elementor-element elementor-element-8889acb pbmit-bg-color-over-image\" data-id=\"8889acb\" data-element_type=\"column\" data-e-type=\"column\">\n\t\t\t<div class=\"elementor-widget-wrap elementor-element-populated\">\n\t\t\t\t\t\t<div class=\"elementor-element elementor-element-9a2eb6d elementor-widget elementor-widget-text-editor\" data-id=\"9a2eb6d\" data-element_type=\"widget\" data-e-type=\"widget\" data-widget_type=\"text-editor.default\">\n\t\t\t\t<div class=\"elementor-widget-container\">\n\t\t\t\t\t\t\t\t\t<section><\/section><section><\/section><section><p><span style=\"color: #404a3d; font-family: Signika, sans-serif; font-size: 40px; letter-spacing: 0px; background-color: var(--pbmit-agrimo-body-bg-color);\">Qualit\u00e9 et Tra\u00e7abilit\u00e9<\/span><\/p><\/section><section><p>Tous nos produits sont soumis \u00e0 des contr\u00f4les rigoureux pour garantir leur conformit\u00e9 aux normes internationales :<\/p><ul><li><strong>Tra\u00e7abilit\u00e9 :<\/strong> Un suivi pr\u00e9cis de chaque lot, de la production \u00e0 la livraison.<\/li><li><strong>Certifications :<\/strong> Conformit\u00e9 avec les normes ISO, HACCP, et GlobalG.A.P.<\/li><li><strong>Engagement durable :<\/strong> Respect des pratiques agricoles \u00e9thiques et durables.<\/li><\/ul><p>Avec Allium Distribution, vous b\u00e9n\u00e9ficiez de produits fiables et d\u2019une logistique optimis\u00e9e.<\/p><\/section>\t\t\t\t\t\t\t\t<\/div>\n\t\t\t\t<\/div>\n\t\t\t\t\t<\/div>\n\t\t<\/div>\n\t\t\t\t\t<\/div>\n\t\t<\/section>\n\t\t\t\t<\/div>\n\t\t","protected":false},"excerpt":{"rendered":"<p>Nos Produits : Une Gamme Compl\u00e8te et Diversifi\u00e9e Allium Distribution propose des produits de qualit\u00e9 sup\u00e9rieure, adapt\u00e9s aux besoins des professionnels internationaux : ail, \u00e9chalotes, \u00e9chalions et oignons. D\u00e9couvrez nos solutions sur mesure pour r\u00e9pondre \u00e0 toutes vos exigences. Un Aper\u00e7u de Notre Gamme Nous collaborons avec des producteurs de confiance pour garantir des produits [&hellip;]<\/p>\n","protected":false},"author":1,"featured_media":0,"parent":0,"menu_order":8,"comment_status":"closed","ping_status":"closed","template":"","meta":{"_acf_changed":false,"_seopress_robots_primary_cat":"","_seopress_titles_title":"","_seopress_titles_desc":"","_seopress_robots_index":"","inline_featured_image":false,"footnotes":""},"class_list":["post-85","page","type-page","status-publish","hentry"],"acf":[],"_links":{"self":[{"href":"https:\/\/www.allium-distribution.com\/en\/wp-json\/wp\/v2\/pages\/85","targetHints":{"allow":["GET"]}}],"collection":[{"href":"https:\/\/www.allium-distribution.com\/en\/wp-json\/wp\/v2\/pages"}],"about":[{"href":"https:\/\/www.allium-distribution.com\/en\/wp-json\/wp\/v2\/types\/page"}],"author":[{"embeddable":true,"href":"https:\/\/www.allium-distribution.com\/en\/wp-json\/wp\/v2\/users\/1"}],"replies":[{"embeddable":true,"href":"https:\/\/www.allium-distribution.com\/en\/wp-json\/wp\/v2\/comments?post=85"}],"version-history":[{"count":5,"href":"https:\/\/www.allium-distribution.com\/en\/wp-json\/wp\/v2\/pages\/85\/revisions"}],"predecessor-version":[{"id":743,"href":"https:\/\/www.allium-distribution.com\/en\/wp-json\/wp\/v2\/pages\/85\/revisions\/743"}],"wp:attachment":[{"href":"https:\/\/www.allium-distribution.com\/en\/wp-json\/wp\/v2\/media?parent=85"}],"curies":[{"name":"wp","href":"https:\/\/api.w.org\/{rel}","templated":true}]}}