{"id":441,"date":"2024-12-19T13:46:46","date_gmt":"2024-12-19T13:46:46","guid":{"rendered":"https:\/\/www.allium-distribution.com\/?page_id=441"},"modified":"2025-12-17T12:16:18","modified_gmt":"2025-12-17T11:16:18","slug":"wholesale-reliable-supplies-tailored-to-your-needs","status":"publish","type":"page","link":"https:\/\/www.allium-distribution.com\/en\/commerce-de-gros-un-approvisionnement-fiable-et-adapte-a-vos-besoins\/","title":{"rendered":"Wholesale: Reliable supplies tailored to your needs"},"content":{"rendered":"<div data-elementor-type=\"wp-page\" data-elementor-id=\"441\" class=\"elementor elementor-441\" data-elementor-post-type=\"page\">\n\t\t\t\t\t\t<section class=\"elementor-section elementor-top-section elementor-element elementor-element-b0dfb23 pbmit-col-stretched-none pbmit-bg-color-over-image elementor-section-boxed elementor-section-height-default elementor-section-height-default\" data-id=\"b0dfb23\" data-element_type=\"section\" data-e-type=\"section\">\n\t\t\t\t\t\t<div class=\"elementor-container elementor-column-gap-default\">\n\t\t\t\t\t<div class=\"elementor-column elementor-col-100 elementor-top-column elementor-element elementor-element-d89fba0 pbmit-bg-color-over-image\" data-id=\"d89fba0\" data-element_type=\"column\" data-e-type=\"column\">\n\t\t\t<div class=\"elementor-widget-wrap elementor-element-populated\">\n\t\t\t\t\t\t<div class=\"elementor-element elementor-element-7f7ffe7 elementor-widget elementor-widget-text-editor\" data-id=\"7f7ffe7\" data-element_type=\"widget\" data-e-type=\"widget\" data-widget_type=\"text-editor.default\">\n\t\t\t\t<div class=\"elementor-widget-container\">\n\t\t\t\t\t\t\t\t\t<p>\u00a0<\/p><p>Allium Distribution propose des solutions d\u2019approvisionnement en gros pour les professionnels du secteur alimentaire, avec des engagements en mati\u00e8re de qualit\u00e9 et de livraison.<\/p><p><!-- Introduction --><\/p><section><h2>Your partner for wholesale<\/h2><p>Since 2007, Allium Distribution has been providing dedicated wholesale services to <strong>distributors<\/strong>, <strong>manufacturers<\/strong>, <strong>conditioners<\/strong>, <strong>fruit and vegetable traders<\/strong>and <strong>half-wholesale<\/strong>. Our expertise and international network guarantee the continuous availability of quality products, even in the off-season.<\/p><\/section><p><!-- Approvisionnement Professionnel --><\/p><section><h2>Supply for Professionals<\/h2><p>We work with major players to meet their specific requirements:<\/p><ul><li><strong>Distributors :<\/strong> A range of products tailored to the needs of local and international markets.<\/li><li><strong>Industrials :<\/strong> Rigorous sourcing to guarantee reliable, traceable raw materials.<\/li><li><strong>Conditioners :<\/strong> Tailor-made packaging solutions to meet your specifications.<\/li><li><strong>Fruit and vegetable traders :<\/strong> Access to certified, competitive products.<\/li><li><strong>Half-wholesale :<\/strong> Flexibility in volumes and supply arrangements.<\/li><\/ul><p>Our aim is to provide you with products that perfectly meet your needs, while ensuring an impeccable service.<\/p><\/section><p><!-- Quantit\u00e9s et Modalit\u00e9s --><\/p><section><h2>Minimum quantities and terms of sale<\/h2><p>We adapt our sales methods to ensure maximum flexibility:<\/p><ul><li><strong>Quantities :<\/strong> Bulk supply for volumes tailored to your specific needs.<\/li><li><strong>Packaging:<\/strong> Available in bags, nets, cartons or pallets.<\/li><li><strong>Delivery :<\/strong> Optimised logistics solutions for fast, reliable shipping.<\/li><\/ul><p>Whether you need small runs or large volumes, we can tailor our offer to meet your needs.<\/p><\/section><p><!-- Engagements en Qualit\u00e9 et Livraison --><\/p><section><h2>Our Quality and Delivery Commitments<\/h2><p>Allium Distribution places quality and punctuality at the heart of its priorities:<\/p><ul><li><strong>Quality :<\/strong> Products certified to ISO, HACCP and GlobalG.A.P. standards (depending on supplier).<\/li><li><strong>Traceability :<\/strong> Rigorous monitoring of products throughout the supply chain.<\/li><li><strong>Reliable delivery:<\/strong> Strict adherence to deadlines thanks to our logistics expertise.<\/li><\/ul><p>With Allium Distribution, you benefit from a partner committed to impeccable products and faultless logistics.<\/p><\/section><p><!-- Appel \u00e0 l'Action --><\/p><section><h2>Contact us for your wholesale needs<\/h2><p>Need a partner you can trust for your wholesale supplies? Allium Distribution is at your service to meet your expectations.<\/p><\/section>\t\t\t\t\t\t\t\t<\/div>\n\t\t\t\t<\/div>\n\t\t\t\t\t<\/div>\n\t\t<\/div>\n\t\t\t\t\t<\/div>\n\t\t<\/section>\n\t\t\t\t<section class=\"elementor-section elementor-top-section elementor-element elementor-element-29a649b pbmit-col-stretched-none pbmit-bg-color-over-image elementor-section-boxed elementor-section-height-default elementor-section-height-default\" data-id=\"29a649b\" data-element_type=\"section\" data-e-type=\"section\">\n\t\t\t\t\t\t<div class=\"elementor-container elementor-column-gap-default\">\n\t\t\t\t\t<div class=\"elementor-column elementor-col-100 elementor-top-column elementor-element elementor-element-ec96f69 pbmit-bg-color-over-image\" data-id=\"ec96f69\" data-element_type=\"column\" data-e-type=\"column\">\n\t\t\t<div class=\"elementor-widget-wrap elementor-element-populated\">\n\t\t\t\t\t\t<div class=\"elementor-element elementor-element-872bfaa pbmit-btn-shape-rounded elementor-align-center pbmit-btn-color-globalcolor pbmit-btn-hover-color-blackish pbmit-btn-style-flat pbmit-btn-magnatic-yes elementor-widget elementor-widget-button\" data-id=\"872bfaa\" data-element_type=\"widget\" data-e-type=\"widget\" data-widget_type=\"button.default\">\n\t\t\t\t<div class=\"elementor-widget-container\">\n\t\t\t\t\t\t\t\t\t<div class=\"elementor-button-wrapper\">\n\t\t\t\t\t<a class=\"elementor-button elementor-button-link elementor-size-sm\" href=\"https:\/\/www.allium-distribution.com\/en\/contact\/\">\n\t\t\t\t\t\t<span class=\"elementor-button-content-wrapper\">\n\t\t\t\t\t\t\t\t\t<span class=\"elementor-button-text\">Contact us now<\/span>\n\t\t\t\t\t<\/span>\n\t\t\t\t\t<\/a>\n\t\t\t\t<\/div>\n\t\t\t\t\t\t\t\t<\/div>\n\t\t\t\t<\/div>\n\t\t\t\t\t<\/div>\n\t\t<\/div>\n\t\t\t\t\t<\/div>\n\t\t<\/section>\n\t\t\t\t<section class=\"elementor-section elementor-top-section elementor-element elementor-element-3ae1e08 pbmit-col-stretched-none pbmit-bg-color-over-image elementor-section-boxed elementor-section-height-default elementor-section-height-default\" data-id=\"3ae1e08\" data-element_type=\"section\" data-e-type=\"section\">\n\t\t\t\t\t\t<div class=\"elementor-container elementor-column-gap-default\">\n\t\t\t\t\t<div class=\"elementor-column elementor-col-100 elementor-top-column elementor-element elementor-element-93fb04b pbmit-bg-color-over-image\" data-id=\"93fb04b\" data-element_type=\"column\" data-e-type=\"column\">\n\t\t\t<div class=\"elementor-widget-wrap elementor-element-populated\">\n\t\t\t\t\t\t<div class=\"elementor-element elementor-element-4b1c78f elementor-widget elementor-widget-spacer\" data-id=\"4b1c78f\" data-element_type=\"widget\" data-e-type=\"widget\" data-widget_type=\"spacer.default\">\n\t\t\t\t<div class=\"elementor-widget-container\">\n\t\t\t\t\t\t\t<div class=\"elementor-spacer\">\n\t\t\t<div class=\"elementor-spacer-inner\"><\/div>\n\t\t<\/div>\n\t\t\t\t\t\t<\/div>\n\t\t\t\t<\/div>\n\t\t\t\t\t<\/div>\n\t\t<\/div>\n\t\t\t\t\t<\/div>\n\t\t<\/section>\n\t\t\t\t<\/div>","protected":false},"excerpt":{"rendered":"<p>Allium Distribution propose des solutions d\u2019approvisionnement en gros pour les professionnels du secteur alimentaire, avec des engagements en mati\u00e8re de qualit\u00e9 et de livraison. Votre Partenaire pour le Commerce de Gros Depuis 2007, Allium Distribution fournit des services de commerce de gros d\u00e9di\u00e9s aux distributeurs, industriels, conditionneurs, n\u00e9gociants en fruits et l\u00e9gumes, et demi-gros. Notre [&hellip;]<\/p>\n","protected":false},"author":1,"featured_media":0,"parent":0,"menu_order":0,"comment_status":"closed","ping_status":"closed","template":"","meta":{"_acf_changed":false,"_seopress_robots_primary_cat":"","_seopress_titles_title":"","_seopress_titles_desc":"","_seopress_robots_index":"","inline_featured_image":false,"footnotes":""},"class_list":["post-441","page","type-page","status-publish","hentry"],"acf":[],"_links":{"self":[{"href":"https:\/\/www.allium-distribution.com\/en\/wp-json\/wp\/v2\/pages\/441","targetHints":{"allow":["GET"]}}],"collection":[{"href":"https:\/\/www.allium-distribution.com\/en\/wp-json\/wp\/v2\/pages"}],"about":[{"href":"https:\/\/www.allium-distribution.com\/en\/wp-json\/wp\/v2\/types\/page"}],"author":[{"embeddable":true,"href":"https:\/\/www.allium-distribution.com\/en\/wp-json\/wp\/v2\/users\/1"}],"replies":[{"embeddable":true,"href":"https:\/\/www.allium-distribution.com\/en\/wp-json\/wp\/v2\/comments?post=441"}],"version-history":[{"count":5,"href":"https:\/\/www.allium-distribution.com\/en\/wp-json\/wp\/v2\/pages\/441\/revisions"}],"predecessor-version":[{"id":847,"href":"https:\/\/www.allium-distribution.com\/en\/wp-json\/wp\/v2\/pages\/441\/revisions\/847"}],"wp:attachment":[{"href":"https:\/\/www.allium-distribution.com\/en\/wp-json\/wp\/v2\/media?parent=441"}],"curies":[{"name":"wp","href":"https:\/\/api.w.org\/{rel}","templated":true}]}}