{"id":3,"date":"2024-11-28T15:46:00","date_gmt":"2024-11-28T15:46:00","guid":{"rendered":"https:\/\/www.allium-distribution.com\/?page_id=3"},"modified":"2024-12-19T13:06:53","modified_gmt":"2024-12-19T13:06:53","slug":"legal-information","status":"publish","type":"page","link":"https:\/\/www.allium-distribution.com\/en\/mentions-legales\/","title":{"rendered":"Legal information"},"content":{"rendered":"<h2 class=\"wp-block-heading\">1 - Editing the site<\/h2>\n\n\n\n<p>Pursuant to Article 6 of Law No. 2004-575 of 21 June 2004 on confidence in the digital economy, users of the website are hereby informed that<strong>\u00a0ALLIUM DISTRIBUTION<\/strong>\u00a0the identity of the various parties involved in its creation and monitoring: Site owner : <strong><strong>ALLIUM DISTRIBUTION<\/strong><\/strong> - Contact:\u00a0<strong><strong>ALLIUM DISTRIBUTION<\/strong><\/strong>\u00a0Company identification :\u00a0<strong><strong>ALLIUM DISTRIBUTION<\/strong><\/strong>\u00a0- SIREN: 495073645 - RCS: 495 073 645 R.C.S. Macon - Postal address: Cit\u00e9 de l'Entreprise 200 Boulevard De la R\u00e9sistance 71000 M\u00e2con. Director of publication: <strong><strong>ALLIUM DISTRIBUTION<\/strong><\/strong> Host: IONOS - 7 Pl. de la Gare, 57200 Sarreguemines - Telephone: +33970808911 Data Protection Officer: - IONOS - 7 Pl. de la Gare, 57200 Sarreguemines - Telephone: +33970808911 <strong><strong>ALLIUM DISTRIBUTION<\/strong><\/strong><\/p>\n\n\n\n<h2 class=\"wp-block-heading\">2 - Intellectual property and counterfeiting.<\/h2>\n\n\n\n<p><strong><strong>ALLIUM DISTRIBUTION<\/strong><\/strong>\u00a0is the owner of the intellectual property rights and holds the rights of use on all the elements accessible on the website, in particular the texts, images, graphics, logos, videos, architecture, icons and sounds. Any reproduction, representation, modification, publication, adaptation of all or part of the elements of the site, whatever the means or process used, is prohibited, except with the prior written authorisation of\u00a0<strong><strong>ALLIUM DISTRIBUTION<\/strong><\/strong>\u00a0Any unauthorised use of the site or of any of the elements it contains will be considered as constituting an infringement and will be prosecuted in accordance with the provisions of articles L.335-2 et seq. of the French Intellectual Property Code.<\/p>\n\n\n\n<h2 class=\"wp-block-heading\">3 - Limitations of liability.<\/h2>\n\n\n\n<p><strong><strong>ALLIUM DISTRIBUTION<\/strong><\/strong>\u00a0declines all responsibility for any use that may be made of the information and content present on\u00a0<a href=\"http:\/\/selliers-garnisseurs.fr\/\"><strong><strong>ALLIUM DISTRIBUTION<\/strong><\/strong><\/a>\u00a0Focus web is committed to making the site as secure as possible\u00a0<a href=\"http:\/\/selliers-garnisseurs.fr\/\"><strong><strong>ALLIUM DISTRIBUTION<\/strong><\/strong><\/a>However, it cannot be held responsible if unwanted data is imported and installed on its site without its knowledge. Interactive areas (contact space or comments) are available to users.\u00a0<strong><strong>ALLIUM DISTRIBUTION<\/strong><\/strong>\u00a0reserves the right to delete, without prior notice, any content posted in this space that contravenes the legislation applicable in France, in particular the provisions relating to data protection. Where applicable,\u00a0<strong><strong>ALLIUM DISTRIBUTION<\/strong><\/strong>\u00a0also reserves the right to hold the user civilly and\/or criminally liable, particularly in the event of messages of a racist, insulting, defamatory or pornographic nature, whatever the medium used (text, photographs, etc.).<\/p>\n\n\n\n<h2 class=\"wp-block-heading\">4 - CNIL and personal data management.<\/h2>\n\n\n\n<p>In accordance with the provisions of Act 78-17 of 6 January 1978 as amended, users of the site\u00a0<a href=\"http:\/\/selliers-garnisseurs.fr\/\"><strong><strong>ALLIUM DISTRIBUTION<\/strong><\/strong><\/a>\u00a0has the right to access, modify and delete the information collected. To exercise this right, send a message to our Data Protection Officer: .<\/p>\n\n\n\n<h2 class=\"wp-block-heading\">5 - Hypertext links and cookies<\/h2>\n\n\n\n<p>The website\u00a0<a href=\"http:\/\/selliers-garnisseurs.fr\/\"><strong><strong>ALLIUM DISTRIBUTION<\/strong><\/strong><\/a>\u00a0contains hypertext links to other sites and accepts no responsibility for these external links or for links created by other sites to\u00a0<a href=\"http:\/\/selliers-garnisseurs.fr\/\"><strong><strong>ALLIUM DISTRIBUTION<\/strong><\/strong><\/a>\u00a0Browsing the site\u00a0<a href=\"http:\/\/selliers-garnisseurs.fr\/\"><strong><strong>ALLIUM DISTRIBUTION<\/strong><\/strong><\/a>\u00a0may cause cookies to be installed on the user's computer. A \"cookie\" is a small file which records information relating to a user's browsing on a site. The data obtained in this way can be used to measure visitor numbers, for example. You can accept or refuse cookies by modifying your browser settings. No cookies will be deposited without your consent. 6 - Applicable law and jurisdiction. Any dispute relating to the use of the site\u00a0<a href=\"http:\/\/selliers-garnisseurs.fr\/\"><strong><strong>ALLIUM DISTRIBUTION<\/strong><\/strong><\/a>\u00a0is subject to French law. Except in cases where the law does not allow it, exclusive jurisdiction is given to the competent courts of Villefranche-sur-Sa\u00f4ne.<\/p>","protected":false},"excerpt":{"rendered":"<p>1 \u2013 \u00c9dition du site En vertu de l\u2019article 6 de la loi n\u00b0 2004-575 du 21 juin 2004 pour la confiance dans l\u2019\u00e9conomie num\u00e9rique, il est pr\u00e9cis\u00e9 aux utilisateurs du site internet\u00a0ALLIUM DISTRIBUTION\u00a0l\u2019identit\u00e9 des diff\u00e9rents intervenants dans le cadre de sa r\u00e9alisation et de son suivi: Propri\u00e9taire du site : ALLIUM DISTRIBUTION \u2013 Contact [&hellip;]<\/p>\n","protected":false},"author":1,"featured_media":0,"parent":0,"menu_order":0,"comment_status":"closed","ping_status":"open","template":"","meta":{"_acf_changed":false,"_seopress_robots_primary_cat":"","_seopress_titles_title":"","_seopress_titles_desc":"","_seopress_robots_index":"","inline_featured_image":false,"footnotes":""},"class_list":["post-3","page","type-page","status-publish","hentry"],"acf":[],"_links":{"self":[{"href":"https:\/\/www.allium-distribution.com\/en\/wp-json\/wp\/v2\/pages\/3","targetHints":{"allow":["GET"]}}],"collection":[{"href":"https:\/\/www.allium-distribution.com\/en\/wp-json\/wp\/v2\/pages"}],"about":[{"href":"https:\/\/www.allium-distribution.com\/en\/wp-json\/wp\/v2\/types\/page"}],"author":[{"embeddable":true,"href":"https:\/\/www.allium-distribution.com\/en\/wp-json\/wp\/v2\/users\/1"}],"replies":[{"embeddable":true,"href":"https:\/\/www.allium-distribution.com\/en\/wp-json\/wp\/v2\/comments?post=3"}],"version-history":[{"count":2,"href":"https:\/\/www.allium-distribution.com\/en\/wp-json\/wp\/v2\/pages\/3\/revisions"}],"predecessor-version":[{"id":398,"href":"https:\/\/www.allium-distribution.com\/en\/wp-json\/wp\/v2\/pages\/3\/revisions\/398"}],"wp:attachment":[{"href":"https:\/\/www.allium-distribution.com\/en\/wp-json\/wp\/v2\/media?parent=3"}],"curies":[{"name":"wp","href":"https:\/\/api.w.org\/{rel}","templated":true}]}}